{"id":2147,"date":"2021-11-18T11:38:37","date_gmt":"2021-11-18T09:38:37","guid":{"rendered":"https:\/\/recoveryclinic.ee\/booking-my-account\/"},"modified":"2022-06-06T19:37:59","modified_gmt":"2022-06-06T16:37:59","slug":"booking-my-account","status":"publish","type":"page","link":"https:\/\/recoveryclinic.ee\/fi\/booking-my-account\/","title":{"rendered":"Booking My Account"},"content":{"rendered":"<div id=\"sln-salon\" class=\"sln-bootstrap sln-loginform\"><form name=\"loginform\" id=\"loginform\" action=\"https:\/\/recoveryclinic.ee\/fi\/wp-login.php\" method=\"post\"><p class=\"login-username\">\n\t\t\t\t<label for=\"user_login\">K\u00e4ytt\u00e4j\u00e4tunnus tai s\u00e4hk\u00f6postiosoite<\/label>\n\t\t\t\t<input type=\"text\" name=\"log\" id=\"user_login\" autocomplete=\"username\" class=\"input\" value=\"\" size=\"20\" \/>\n\t\t\t<\/p><p class=\"login-password\">\n\t\t\t\t<label for=\"user_pass\">Salasana<\/label>\n\t\t\t\t<input type=\"password\" name=\"pwd\" id=\"user_pass\" autocomplete=\"current-password\" spellcheck=\"false\" class=\"input\" value=\"\" size=\"20\" \/>\n\t\t\t<\/p><p class=\"login-remember\"><label><input name=\"rememberme\" type=\"checkbox\" id=\"rememberme\" value=\"forever\" \/> Muista minut<\/label><\/p><p class=\"login-submit\">\n\t\t\t\t<input type=\"submit\" name=\"wp-submit\" id=\"wp-submit\" class=\"button button-primary\" value=\"Kirjaudu sis\u00e4\u00e4n\" \/>\n\t\t\t\t<input type=\"hidden\" name=\"redirect_to\" value=\"https:\/\/recoveryclinic.ee\/fi\/wp-json\/wp\/v2\/pages\/2147\" \/>\n\t\t\t<\/p><\/form><span class=\"help-block\"><a href=\"https:\/\/recoveryclinic.ee\/minu-konto\/lost-password\/\" class=\"tec-link\">Unohditko salasanasi?<\/a><\/span><\/div>\n","protected":false},"excerpt":{"rendered":"","protected":false},"author":1,"featured_media":0,"parent":0,"menu_order":0,"comment_status":"closed","ping_status":"closed","template":"","meta":{"site-sidebar-layout":"default","site-content-layout":"default","ast-global-header-display":"","ast-main-header-display":"","ast-hfb-above-header-display":"","ast-hfb-below-header-display":"","ast-hfb-mobile-header-display":"","site-post-title":"","ast-breadcrumbs-content":"","ast-featured-img":"","footer-sml-layout":"","theme-transparent-header-meta":"default","adv-header-id-meta":"","stick-header-meta":"default","header-above-stick-meta":"","header-main-stick-meta":"","header-below-stick-meta":"","footnotes":""},"class_list":["post-2147","page","type-page","status-publish","hentry"],"_links":{"self":[{"href":"https:\/\/recoveryclinic.ee\/fi\/wp-json\/wp\/v2\/pages\/2147","targetHints":{"allow":["GET"]}}],"collection":[{"href":"https:\/\/recoveryclinic.ee\/fi\/wp-json\/wp\/v2\/pages"}],"about":[{"href":"https:\/\/recoveryclinic.ee\/fi\/wp-json\/wp\/v2\/types\/page"}],"author":[{"embeddable":true,"href":"https:\/\/recoveryclinic.ee\/fi\/wp-json\/wp\/v2\/users\/1"}],"replies":[{"embeddable":true,"href":"https:\/\/recoveryclinic.ee\/fi\/wp-json\/wp\/v2\/comments?post=2147"}],"version-history":[{"count":1,"href":"https:\/\/recoveryclinic.ee\/fi\/wp-json\/wp\/v2\/pages\/2147\/revisions"}],"predecessor-version":[{"id":2148,"href":"https:\/\/recoveryclinic.ee\/fi\/wp-json\/wp\/v2\/pages\/2147\/revisions\/2148"}],"wp:attachment":[{"href":"https:\/\/recoveryclinic.ee\/fi\/wp-json\/wp\/v2\/media?parent=2147"}],"curies":[{"name":"wp","href":"https:\/\/api.w.org\/{rel}","templated":true}]}}