{"id":2144,"date":"2021-11-18T11:38:37","date_gmt":"2021-11-18T09:38:37","guid":{"rendered":"https:\/\/recoveryclinic.ee\/booking\/"},"modified":"2022-06-06T19:38:02","modified_gmt":"2022-06-06T16:38:02","slug":"booking","status":"publish","type":"page","link":"https:\/\/recoveryclinic.ee\/fi\/booking\/","title":{"rendered":"Booking"},"content":{"rendered":"    <div id=\"sln-salon\" class=\"sln-bootstrap container-fluid sln-salon--m\">\n        <div id=\"sln-salon__content\" class=\"sln-bootstrap container-fluid sln-salon--m__content\">\n                            \r\n<div id=\"sln-salon-booking\" class=\"sln-shortcode sln-salon--m sln-step-services\">\r\n    <div id=\"sln-salon-booking__content\" class=\"sln-salon--m__content sln-salon__content-step-services\">\r\n        <div class=\"sln-topbar\"><h6>Already a customer? <a href=\"https:\/\/recoveryclinic.ee\/fi\/booking-my-account\/\">Log-in<\/a><\/h6><\/div>\t<h2 class=\"sln-salon-title\">Book a time<\/h2>\r\n\t<script>mixpanel.track('Front-end booking form', {\"step\":\"services\",\"version\":\"pro\",\"layout\":\"medium\",\"enviroment\":\"live\"});<\/script>\t<h2 class=\"salon-step-title\">Mit\u00e4 tarvitset?<\/h2>\r\n\t<div class=\"sln-progbar__wrapper\">\n        <\/h1>\n    <div class=\"sln-progbar__text\">\n        Vaihe <span>1\/6<\/span> <span><\/span> <span><\/span> <span><\/span> <span><\/span> <span><\/span>    <\/div>\n    <div class=\"sln-progbar\">\n        <div class=\"sln-progbar__item  sln-progbar__item--thankyou\" data-zindex=\"1\"><span class=\"sr-only\">thankyou<\/span><\/div><div class=\"sln-progbar__item  sln-progbar__item--summary\" data-zindex=\"2\"><span class=\"sr-only\">summary<\/span><\/div><div class=\"sln-progbar__item  sln-progbar__item--details\" data-zindex=\"3\"><span class=\"sr-only\">details<\/span><\/div><div class=\"sln-progbar__item  sln-progbar__item--date\" data-zindex=\"4\"><span class=\"sr-only\">date<\/span><\/div><div class=\"sln-progbar__item  sln-progbar__item--attendant\" data-zindex=\"5\"><span class=\"sr-only\">attendant<\/span><\/div><div class=\"sln-progbar__item sln-progbar__item--current sln-progbar__item--services\" data-zindex=\"6\"><span class=\"sr-only\">services<\/span><\/div>    <\/div>\n<\/div>        \t<form id=\"salon-step-services\" method=\"post\" action=\"https:\/\/recoveryclinic.ee\/fi\/wp-json\/wp\/v2\/pages\/2144?sln_step_page=services\" role=\"form\">\r\n\t\t\t\t<div class=\"row sln-box--main  sln-box--fixed_height\">\r\n\t\t\t<div class=\"col-xs-12\">        <input type=\"hidden\" name=\"sln[date]\"\n               id=\"sln_date\"\n               value=\"2026-04-09\"  class=\"sln-input sln-input--text\"\/>\n            <input type=\"hidden\" name=\"sln[time]\"\n               id=\"sln_time\"\n               value=\"12:45\"  class=\"sln-input sln-input--text\"\/>\n    <div class=\"sln-service-list sln-list  sln-list--600 clearfix\"> \r\n                        <div class=\"row sln-panel\">\r\n\r\n                <a class=\"col-xs-12 sln-panel-heading  collapsed \" role=\"button\"\r\n               data-toggle=\"collapse\" href=\"#collapse11\"\r\n               aria-expanded=\"false\" aria-controls=\"collapse11\">\r\n                <h2 class=\"sln-btn sln-btn--icon sln-btn--fullwidth\">\r\n                    Lokaalsed kr\u00fcoteraapia seansid<\/h2>\r\n            <\/a>\r\n            <div id=\"collapse11\"\r\n            class=\"col-xs-12 sln-panel-content panel-collapse collapse \" role=\"tabpanel\"\r\n            aria-labelledby=\"collapse11Heading\"\r\n            aria-expanded=\"false\" style=\"height: 0px;\">\r\n                <label for=\"sln_services_943\" class=\"sln-list__item sln-service sln-service--943\">\n    \n                 <div class=\"sln-list__item__content\">\n        <h3 class=\"sln-steps-name sln-service-name sln-list__item__name\">Kogu keha k\u00fclmateraapia j\u00e4\u00e4tunnil (soodusajal)<\/h3>\n                <p class=\"sln-service-description sln-list__item__description sln-list__item__description__toggle\">\n            Kogu keha k\u00fclmateraapiat pakutakse k\u00fclmateraapia <span class=\"sln-list__item__description__breakdots\">...<\/span> <span class=\"sln-list__item__description__more\"> kabiinis temperatuuriga -110 kuni -150 kraadi ja seanss kestab 3 minutit. See protseduur aitab v\u00e4hendada p\u00f5letikku, kiirendab taastumist ja stimuleerib keha. Optimaalsete tulemuste saavutamiseks soovitame \u00e4geda v\u00f5i kroonilise p\u00f5letiku ning reuma korral l\u00e4bida v\u00e4hemalt 20 j\u00e4rjestikust seanssi. K\u00f5ik vajalik on kohapeal olemas, seega pole vaja kaasa midagi v\u00f5tta.<\/span>        <\/p>\n        <div class=\"sln-service__info sln-list__item__info\">\n                               <h3 class=\"sln-steps-price sln-service-price sln-list__item__price\">\n                                        <span class=\"sln-service-price-value sln-list__item__proce__value\">40 &#8364;<\/span>\n                    <!-- .sln-service-price \/\/ END -->\n                <\/h3>\n                                           <h3><span class=\"sln-steps-duration sln-service-duration sln-list__item__duration\">\n                        00:05                    <\/span><\/h3>\n                        <\/div>\n    <\/div>\n        \n<div class=\"sln-service__action sln-list__item__action\">\n    <div class=\"sln-checkbox \">\n                <input type=\"checkbox\" name=\"sln[services][943]\" id=\"sln_services_943\"\n               value=\"1\"    data-price=\"40\" data-duration=\"5\"\/>\n            <label for=\"sln_services_943\"><\/label>\n    <\/div>\n        \n<\/div>\n<span class=\"sln-service__errors sln-list__item__errors errors-area\" data-class=\"sln-alert sln-alert-medium sln-alert--problem\"><\/span>\n    <div class=\"sln-alert sln-alert-medium sln-alert--problem\" style=\"display: none\" id=\"availabilityerror\">Aikaa ei ole riitt\u00e4v\u00e4sti t\u00e4h\u00e4n palveluun<\/div>\n    <div class=\"sln-list__item__fkbkg\"><\/div>\n<\/label>\n<label for=\"sln_services_1159\" class=\"sln-list__item sln-service sln-service--1159\">\n    \n                 <div class=\"sln-list__item__content\">\n        <h3 class=\"sln-steps-name sln-service-name sln-list__item__name\">Kogu keha k\u00fclmateraapia seanss<\/h3>\n                <p class=\"sln-service-description sln-list__item__description sln-list__item__description__toggle\">\n            Kogu keha k\u00fclmateraapiat pakutakse k\u00fclmateraapia <span class=\"sln-list__item__description__breakdots\">...<\/span> <span class=\"sln-list__item__description__more\"> kabiinis temperatuuriga -110 kuni -150 kraadi ja seanss kestab 3 minutit. See protseduur aitab v\u00e4hendada p\u00f5letikku, kiirendab taastumist ja stimuleerib keha. Optimaalsete tulemuste saavutamiseks soovitame \u00e4geda v\u00f5i kroonilise p\u00f5letiku ning reuma korral l\u00e4bida v\u00e4hemalt 20 j\u00e4rjestikust seanssi. K\u00f5ik vajalik on kohapeal olemas, seega pole vaja kaasa midagi v\u00f5tta.<\/span>        <\/p>\n        <div class=\"sln-service__info sln-list__item__info\">\n                               <h3 class=\"sln-steps-price sln-service-price sln-list__item__price\">\n                                        <span class=\"sln-service-price-value sln-list__item__proce__value\">80 &#8364;<\/span>\n                    <!-- .sln-service-price \/\/ END -->\n                <\/h3>\n                                           <h3><span class=\"sln-steps-duration sln-service-duration sln-list__item__duration\">\n                        00:05                    <\/span><\/h3>\n                        <\/div>\n    <\/div>\n        \n<div class=\"sln-service__action sln-list__item__action\">\n    <div class=\"sln-checkbox \">\n                <input type=\"checkbox\" name=\"sln[services][1159]\" id=\"sln_services_1159\"\n               value=\"1\"    data-price=\"80\" data-duration=\"5\"\/>\n            <label for=\"sln_services_1159\"><\/label>\n    <\/div>\n        \n<\/div>\n<span class=\"sln-service__errors sln-list__item__errors errors-area\" data-class=\"sln-alert sln-alert-medium sln-alert--problem\"><\/span>\n    <div class=\"sln-alert sln-alert-medium sln-alert--problem\" style=\"display: none\" id=\"availabilityerror\">Aikaa ei ole riitt\u00e4v\u00e4sti t\u00e4h\u00e4n palveluun<\/div>\n    <div class=\"sln-list__item__fkbkg\"><\/div>\n<\/label>\n<label for=\"sln_services_949\" class=\"sln-list__item sln-service sln-service--949\">\n    \n                 <div class=\"sln-list__item__content\">\n        <h3 class=\"sln-steps-name sln-service-name sln-list__item__name\">K\u00fclmateraapia n\u00e4ole 2-3 min<\/h3>\n                <p class=\"sln-service-description sln-list__item__description sln-list__item__description__toggle\">\n            Kr\u00fcomask on kiire 2-3-minutiline protseduur, <span class=\"sln-list__item__description__breakdots\">...<\/span> <span class=\"sln-list__item__description__more\"> mille k\u00e4igus kantakse n\u00e4ole k\u00fclm \u00f5hk, et aidata pinguldada poore, v\u00e4hendada p\u00f5letikku ning parandada naha toonust ja tekstuuri. Kiirendab kollageeni tootmist. <\/span>        <\/p>\n        <div class=\"sln-service__info sln-list__item__info\">\n                               <h3 class=\"sln-steps-price sln-service-price sln-list__item__price\">\n                                        <span class=\"sln-service-price-value sln-list__item__proce__value\">20 &#8364;<\/span>\n                    <!-- .sln-service-price \/\/ END -->\n                <\/h3>\n                                           <h3><span class=\"sln-steps-duration sln-service-duration sln-list__item__duration\">\n                        00:05                    <\/span><\/h3>\n                        <\/div>\n    <\/div>\n        \n<div class=\"sln-service__action sln-list__item__action\">\n    <div class=\"sln-checkbox \">\n                <input type=\"checkbox\" name=\"sln[services][949]\" id=\"sln_services_949\"\n               value=\"1\"    data-price=\"20\" data-duration=\"5\"\/>\n            <label for=\"sln_services_949\"><\/label>\n    <\/div>\n        \n<\/div>\n<span class=\"sln-service__errors sln-list__item__errors errors-area\" data-class=\"sln-alert sln-alert-medium sln-alert--problem\"><\/span>\n    <div class=\"sln-alert sln-alert-medium sln-alert--problem\" style=\"display: none\" id=\"availabilityerror\">Aikaa ei ole riitt\u00e4v\u00e4sti t\u00e4h\u00e4n palveluun<\/div>\n    <div class=\"sln-list__item__fkbkg\"><\/div>\n<\/label>\n<label for=\"sln_services_956\" class=\"sln-list__item sln-service sln-service--956\">\n    \n                 <div class=\"sln-list__item__content\">\n        <h3 class=\"sln-steps-name sln-service-name sln-list__item__name\">Lokaalne k\u00fclmateraapia kehapiirkonnale - 1 koht<\/h3>\n                <p class=\"sln-service-description sln-list__item__description sln-list__item__description__toggle\">\n            Lokaalne k\u00fclmateraapia on protseduur, kus <span class=\"sln-list__item__description__breakdots\">...<\/span> <span class=\"sln-list__item__description__more\"> konkreetsele kehapiirkonnale rakendatakse k\u00fclma, et v\u00e4hendada p\u00f5letikku, leevendada valu ja kiirendada taastumist.<\/span>        <\/p>\n        <div class=\"sln-service__info sln-list__item__info\">\n                               <h3 class=\"sln-steps-price sln-service-price sln-list__item__price\">\n                                        <span class=\"sln-service-price-value sln-list__item__proce__value\">10 &#8364;<\/span>\n                    <!-- .sln-service-price \/\/ END -->\n                <\/h3>\n                                           <h3><span class=\"sln-steps-duration sln-service-duration sln-list__item__duration\">\n                        00:05                    <\/span><\/h3>\n                        <\/div>\n    <\/div>\n        \n<div class=\"sln-service__action sln-list__item__action\">\n    <div class=\"sln-checkbox \">\n                <input type=\"checkbox\" name=\"sln[services][956]\" id=\"sln_services_956\"\n               value=\"1\"    data-price=\"10\" data-duration=\"5\"\/>\n            <label for=\"sln_services_956\"><\/label>\n    <\/div>\n        \n<\/div>\n<span class=\"sln-service__errors sln-list__item__errors errors-area\" data-class=\"sln-alert sln-alert-medium sln-alert--problem\"><\/span>\n    <div class=\"sln-alert sln-alert-medium sln-alert--problem\" style=\"display: none\" id=\"availabilityerror\">Aikaa ei ole riitt\u00e4v\u00e4sti t\u00e4h\u00e4n palveluun<\/div>\n    <div class=\"sln-list__item__fkbkg\"><\/div>\n<\/label>\n<label for=\"sln_services_958\" class=\"sln-list__item sln-service sln-service--958\">\n    \n                 <div class=\"sln-list__item__content\">\n        <h3 class=\"sln-steps-name sln-service-name sln-list__item__name\">Lokaalne k\u00fclmateraapia kehapiirkonnale - 2 kohta<\/h3>\n                <p class=\"sln-service-description sln-list__item__description \">\n                    <\/p>\n        <div class=\"sln-service__info sln-list__item__info\">\n                               <h3 class=\"sln-steps-price sln-service-price sln-list__item__price\">\n                                        <span class=\"sln-service-price-value sln-list__item__proce__value\">15 &#8364;<\/span>\n                    <!-- .sln-service-price \/\/ END -->\n                <\/h3>\n                                           <h3><span class=\"sln-steps-duration sln-service-duration sln-list__item__duration\">\n                        00:10                    <\/span><\/h3>\n                        <\/div>\n    <\/div>\n        \n<div class=\"sln-service__action sln-list__item__action\">\n    <div class=\"sln-checkbox \">\n                <input type=\"checkbox\" name=\"sln[services][958]\" id=\"sln_services_958\"\n               value=\"1\"    data-price=\"15\" data-duration=\"10\"\/>\n            <label for=\"sln_services_958\"><\/label>\n    <\/div>\n        \n<\/div>\n<span class=\"sln-service__errors sln-list__item__errors errors-area\" data-class=\"sln-alert sln-alert-medium sln-alert--problem\"><\/span>\n    <div class=\"sln-alert sln-alert-medium sln-alert--problem\" style=\"display: none\" id=\"availabilityerror\">Aikaa ei ole riitt\u00e4v\u00e4sti t\u00e4h\u00e4n palveluun<\/div>\n    <div class=\"sln-list__item__fkbkg\"><\/div>\n<\/label>\n<label for=\"sln_services_954\" class=\"sln-list__item sln-service sln-service--954\">\n    \n                 <div class=\"sln-list__item__content\">\n        <h3 class=\"sln-steps-name sln-service-name sln-list__item__name\">K\u00fclmateraapia n\u00e4ole + 1 kehapiirkond<\/h3>\n                <p class=\"sln-service-description sln-list__item__description \">\n                    <\/p>\n        <div class=\"sln-service__info sln-list__item__info\">\n                               <h3 class=\"sln-steps-price sln-service-price sln-list__item__price\">\n                                        <span class=\"sln-service-price-value sln-list__item__proce__value\">25 &#8364;<\/span>\n                    <!-- .sln-service-price \/\/ END -->\n                <\/h3>\n                                           <h3><span class=\"sln-steps-duration sln-service-duration sln-list__item__duration\">\n                        00:10                    <\/span><\/h3>\n                        <\/div>\n    <\/div>\n        \n<div class=\"sln-service__action sln-list__item__action\">\n    <div class=\"sln-checkbox \">\n                <input type=\"checkbox\" name=\"sln[services][954]\" id=\"sln_services_954\"\n               value=\"1\"    data-price=\"25\" data-duration=\"10\"\/>\n            <label for=\"sln_services_954\"><\/label>\n    <\/div>\n        \n<\/div>\n<span class=\"sln-service__errors sln-list__item__errors errors-area\" data-class=\"sln-alert sln-alert-medium sln-alert--problem\"><\/span>\n    <div class=\"sln-alert sln-alert-medium sln-alert--problem\" style=\"display: none\" id=\"availabilityerror\">Aikaa ei ole riitt\u00e4v\u00e4sti t\u00e4h\u00e4n palveluun<\/div>\n    <div class=\"sln-list__item__fkbkg\"><\/div>\n<\/label>\n                    <!-- panel END -->\r\n            <\/div>\r\n            <\/div>\r\n            <!-- panel END -->\r\n                                            <!-- .sln-service-list \/\/ END -->\r\n<\/div>\r\n\r\n<\/div>\r\n\t\t<\/div>\r\n\t\t<div id=\"sln-box__bottombar\" class=\"row sln-box__bottombar sln-box__bottombar--services\">\r\n    <!-- <div class=\"sln-box__bottombar__fkbg\"><\/div> -->\r\n    <div class=\"sln-box__bottombar__fkbg--customcolors\"><\/div>\r\n    <div class=\"col-xs-12\">\r\n\r\n\r\n                    <div class=\"sln-total\">\r\n                                    <h3 class=\"sln-total-label\">\r\n                        V\u00e4lisumma                    <\/h3>\r\n                    <h3 class=\"sln-total-price\" id=\"services-total\"\r\n                        data-symbol-left=\"\"\r\n                        data-symbol-right=\"&#8364;\"\r\n                        data-symbol-decimal=\".\"\r\n                        data-symbol-thousand=\",\">\r\n                        0.00 &#8364;                    <\/h3>\r\n                            <\/div>\r\n        \r\n                            <div class=\"sln-box--formactions sln-box--formactions--services form-actions\">\r\n                <div class=\"sln-btn sln-btn--emphasis sln-btn--medium sln-btn--fullwidth sln-btn--nextstep\">\r\n                            <button\r\n                            data-salon-data=\"sln_step_page=services&submit_services=next\" data-salon-toggle=\"next\"\r\n                        id=\"sln-step-submit\" type=\"submit\" name=\"submit_services\" value=\"next\">\r\n            Seuraava <i class=\"glyphicon glyphicon-chevron-right\"><\/i>\r\n        <\/button>\r\n                        <\/div>\r\n                                       <div class=\"sln-btn--prevstep\"><\/div>\r\n                            <\/div>\r\n            <\/div>\r\n<\/div> <!-- sln-box--main closing tag if size == 900 else sln-box--formactions closing tag -->\r\n        <input type=\"hidden\" name=\"sln[customer_timezone]\" value=\"\">\r\n\t<\/form>\r\n\t        <div id=\"sln-notifications\" class=\"sln-notifications--fix--tr\"><\/div>\r\n        <div id=\"sln-salon__follower\"><\/div>\r\n    <\/div>\r\n    <!-- .sln-salon__wrapper \/\/ END -->\r\n<\/div>\r\n                    <\/div>\n    <\/div>\n\n\n","protected":false},"excerpt":{"rendered":"","protected":false},"author":1,"featured_media":0,"parent":0,"menu_order":0,"comment_status":"closed","ping_status":"closed","template":"","meta":{"site-sidebar-layout":"default","site-content-layout":"default","ast-global-header-display":"","ast-main-header-display":"","ast-hfb-above-header-display":"","ast-hfb-below-header-display":"","ast-hfb-mobile-header-display":"","site-post-title":"","ast-breadcrumbs-content":"","ast-featured-img":"","footer-sml-layout":"","theme-transparent-header-meta":"default","adv-header-id-meta":"","stick-header-meta":"default","header-above-stick-meta":"","header-main-stick-meta":"","header-below-stick-meta":"","footnotes":""},"class_list":["post-2144","page","type-page","status-publish","hentry"],"_links":{"self":[{"href":"https:\/\/recoveryclinic.ee\/fi\/wp-json\/wp\/v2\/pages\/2144","targetHints":{"allow":["GET"]}}],"collection":[{"href":"https:\/\/recoveryclinic.ee\/fi\/wp-json\/wp\/v2\/pages"}],"about":[{"href":"https:\/\/recoveryclinic.ee\/fi\/wp-json\/wp\/v2\/types\/page"}],"author":[{"embeddable":true,"href":"https:\/\/recoveryclinic.ee\/fi\/wp-json\/wp\/v2\/users\/1"}],"replies":[{"embeddable":true,"href":"https:\/\/recoveryclinic.ee\/fi\/wp-json\/wp\/v2\/comments?post=2144"}],"version-history":[{"count":1,"href":"https:\/\/recoveryclinic.ee\/fi\/wp-json\/wp\/v2\/pages\/2144\/revisions"}],"predecessor-version":[{"id":2416,"href":"https:\/\/recoveryclinic.ee\/fi\/wp-json\/wp\/v2\/pages\/2144\/revisions\/2416"}],"wp:attachment":[{"href":"https:\/\/recoveryclinic.ee\/fi\/wp-json\/wp\/v2\/media?parent=2144"}],"curies":[{"name":"wp","href":"https:\/\/api.w.org\/{rel}","templated":true}]}}