{"id":2134,"date":"2021-12-14T14:33:54","date_gmt":"2021-12-14T12:33:54","guid":{"rendered":"https:\/\/recoveryclinic.ee\/teenused\/"},"modified":"2022-11-26T16:36:37","modified_gmt":"2022-11-26T14:36:37","slug":"palvelut","status":"publish","type":"page","link":"https:\/\/recoveryclinic.ee\/fi\/palvelut\/","title":{"rendered":"Palvelut"},"content":{"rendered":"\t\t<div data-elementor-type=\"wp-page\" data-elementor-id=\"2134\" class=\"elementor elementor-2134 elementor-659\">\n\t\t\t\t\t\t<section class=\"elementor-section elementor-top-section elementor-element elementor-element-9cea205 elementor-section-boxed elementor-section-height-default elementor-section-height-default\" data-id=\"9cea205\" data-element_type=\"section\" data-e-type=\"section\">\n\t\t\t\t\t\t<div class=\"elementor-container elementor-column-gap-default\">\n\t\t\t\t\t<div class=\"elementor-column elementor-col-100 elementor-top-column elementor-element elementor-element-5148b58\" data-id=\"5148b58\" data-element_type=\"column\" data-e-type=\"column\">\n\t\t\t<div class=\"elementor-widget-wrap elementor-element-populated\">\n\t\t\t\t\t\t<div class=\"elementor-element elementor-element-e8724fc elementor-widget elementor-widget-text-editor\" data-id=\"e8724fc\" data-element_type=\"widget\" data-e-type=\"widget\" data-widget_type=\"text-editor.default\">\n\t\t\t\t<div class=\"elementor-widget-container\">\n\t\t\t\t\t\t\t\t\t<h2 style=\"text-align: center;\">Vahvista kehoasi ja immuunij\u00e4rjestelm\u00e4\u00e4si<\/h2>\n<p style=\"text-align: center;\">Toivomme, ett\u00e4 pystyisit k\u00e4ytt\u00e4m\u00e4\u00e4n ja nauttimaan kehosi ja elinvoimasi koko potentiaalia ja n\u00e4ytt\u00e4isit hyv\u00e4lt\u00e4!<\/p>\n<p style=\"text-align: center;\">Kohota terveytt\u00e4si, ulkon\u00e4k\u00f6\u00e4si ja yleist\u00e4 hyvinvointiasi.<\/p>\t\t\t\t\t\t\t\t<\/div>\n\t\t\t\t<\/div>\n\t\t\t\t\t<\/div>\n\t\t<\/div>\n\t\t\t\t\t<\/div>\n\t\t<\/section>\n\t\t\t\t<section class=\"elementor-section elementor-top-section elementor-element elementor-element-32b2815 elementor-section-boxed elementor-section-height-default elementor-section-height-default\" data-id=\"32b2815\" data-element_type=\"section\" data-e-type=\"section\">\n\t\t\t\t\t\t<div class=\"elementor-container elementor-column-gap-default\">\n\t\t\t\t\t<div class=\"elementor-column elementor-col-50 elementor-top-column elementor-element elementor-element-62c1022\" data-id=\"62c1022\" data-element_type=\"column\" data-e-type=\"column\">\n\t\t\t<div class=\"elementor-widget-wrap elementor-element-populated\">\n\t\t\t\t\t\t<div class=\"elementor-element elementor-element-1a92cfa elementor-widget elementor-widget-text-editor\" data-id=\"1a92cfa\" data-element_type=\"widget\" data-e-type=\"widget\" data-widget_type=\"text-editor.default\">\n\t\t\t\t<div class=\"elementor-widget-container\">\n\t\t\t\t\t\t\t\t\t<h2 style=\"text-align: center;\">Tarjoamme:<\/h2><ul><li><a href=\"https:\/\/recoveryclinic.ee\/fi\/palvelut\/kokovartalon-kryoterapia\/\">Kokovartalon kylm\u00e4hoitoa<\/a> yleiseen hyvinvointiin ja kuntoutumiseen<\/li><li><a href=\"https:\/\/recoveryclinic.ee\/fi\/palvelut\/paikallinen-kryoterapia\/\">Paikallista kylm\u00e4hoitoa<\/a> akuutin kivun hoitoon tai vammasta toipumiseen<\/li><li>Kasvojen kylm\u00e4hoitoa ihosi elvytt\u00e4miseen ja nuorentamiseen<\/li><li><a href=\"https:\/\/recoveryclinic.ee\/fi\/palvelut\/emms\/\">Magneettista lihasstimulaatiota (MMS)<\/a><\/li><li>Yhdistettyj\u00e4 hoitoja<\/li><li>Kuukausipaketteja parhaan tuloksen saavuttamiseen<\/li><li>Lahjakortteja eri arvoisena<\/li><\/ul>\t\t\t\t\t\t\t\t<\/div>\n\t\t\t\t<\/div>\n\t\t\t\t\t<\/div>\n\t\t<\/div>\n\t\t\t\t<div class=\"elementor-column elementor-col-50 elementor-top-column elementor-element elementor-element-912c97c\" data-id=\"912c97c\" data-element_type=\"column\" data-e-type=\"column\">\n\t\t\t<div class=\"elementor-widget-wrap elementor-element-populated\">\n\t\t\t\t\t\t<div class=\"elementor-element elementor-element-f94af52 elementor-widget elementor-widget-text-editor\" data-id=\"f94af52\" data-element_type=\"widget\" data-e-type=\"widget\" data-widget_type=\"text-editor.default\">\n\t\t\t\t<div class=\"elementor-widget-container\">\n\t\t\t\t\t\t\t\t\t<h2 style=\"text-align: center;\">Meist\u00e4<\/h2><p style=\"text-align: center;\">K\u00e4yt\u00f6ss\u00e4si on huippuluokan cryokabiineja kokovartalon huippukylm\u00e4hoitoon ja kokeneiden asiantuntijoiden palveluita paikallisiin kylm\u00e4hoitoihin<\/p><p style=\"text-align: center;\">Toimimme Tallinnan keskustassa osoitteessa, <a href=\"https:\/\/goo.gl\/maps\/Bwhrt2Q16ESDJ5ff8\" target=\"_blank\" rel=\"noopener\">Ravi tn 5<\/a>.<\/p><p style=\"text-align: center;\"><strong>Pelkk\u00e4 moderni teknologia ei riit\u00e4.<\/strong><\/p><p style=\"text-align: center;\">Asiantuntijoillamme on kokemusta urheilul\u00e4\u00e4ketieteest\u00e4 ja asianmukainen koulutus tarjotakseen neuvoja ja seurantaa kunkin henkil\u00f6n tarpeiden mukaan.<\/p>\t\t\t\t\t\t\t\t<\/div>\n\t\t\t\t<\/div>\n\t\t\t\t\t<\/div>\n\t\t<\/div>\n\t\t\t\t\t<\/div>\n\t\t<\/section>\n\t\t\t\t<section class=\"elementor-section elementor-top-section elementor-element elementor-element-419f2670 elementor-section-boxed elementor-section-height-default elementor-section-height-default\" data-id=\"419f2670\" data-element_type=\"section\" data-e-type=\"section\">\n\t\t\t\t\t\t<div class=\"elementor-container elementor-column-gap-default\">\n\t\t\t\t\t<div class=\"elementor-column elementor-col-50 elementor-top-column elementor-element elementor-element-63f0807e\" data-id=\"63f0807e\" data-element_type=\"column\" data-e-type=\"column\">\n\t\t\t<div class=\"elementor-widget-wrap elementor-element-populated\">\n\t\t\t\t\t\t<div class=\"elementor-element elementor-element-492a9796 elementor-widget elementor-widget-image\" data-id=\"492a9796\" data-element_type=\"widget\" data-e-type=\"widget\" data-widget_type=\"image.default\">\n\t\t\t\t<div class=\"elementor-widget-container\">\n\t\t\t\t\t\t\t\t\t\t\t\t\t\t\t<img fetchpriority=\"high\" decoding=\"async\" width=\"768\" height=\"512\" src=\"https:\/\/recoveryclinic.ee\/wp-content\/uploads\/2022\/04\/DSC01200-768x512.jpg\" class=\"attachment-medium_large size-medium_large wp-image-1927\" alt=\"\" srcset=\"https:\/\/recoveryclinic.ee\/wp-content\/uploads\/2022\/04\/DSC01200-768x512.jpg 768w, https:\/\/recoveryclinic.ee\/wp-content\/uploads\/2022\/04\/DSC01200-300x200.jpg 300w, https:\/\/recoveryclinic.ee\/wp-content\/uploads\/2022\/04\/DSC01200-1024x683.jpg 1024w, https:\/\/recoveryclinic.ee\/wp-content\/uploads\/2022\/04\/DSC01200-1536x1025.jpg 1536w, https:\/\/recoveryclinic.ee\/wp-content\/uploads\/2022\/04\/DSC01200.jpg 2048w\" sizes=\"(max-width: 768px) 100vw, 768px\" \/>\t\t\t\t\t\t\t\t\t\t\t\t\t\t\t<\/div>\n\t\t\t\t<\/div>\n\t\t\t\t<div class=\"elementor-element elementor-element-73bb1249 elementor-widget elementor-widget-text-editor\" data-id=\"73bb1249\" data-element_type=\"widget\" data-e-type=\"widget\" data-widget_type=\"text-editor.default\">\n\t\t\t\t<div class=\"elementor-widget-container\">\n\t\t\t\t\t\t\t\t\t<h3 style=\"text-align: center;\">Kokovartalon kryoterapia<\/h3>\n<p style=\"text-align: center;\">Harjoittele enemm\u00e4n, palaudu nopeammin<\/p>\t\t\t\t\t\t\t\t<\/div>\n\t\t\t\t<\/div>\n\t\t\t\t<div class=\"elementor-element elementor-element-164d4aa8 elementor-align-center elementor-widget elementor-widget-button\" data-id=\"164d4aa8\" data-element_type=\"widget\" data-e-type=\"widget\" data-widget_type=\"button.default\">\n\t\t\t\t<div class=\"elementor-widget-container\">\n\t\t\t\t\t\t\t\t\t<div class=\"elementor-button-wrapper\">\n\t\t\t\t\t<a class=\"elementor-button elementor-button-link elementor-size-sm\" href=\"https:\/\/recoveryclinic.ee\/fi\/palvelut\/kokovartalon-kryoterapia\/\">\n\t\t\t\t\t\t<span class=\"elementor-button-content-wrapper\">\n\t\t\t\t\t\t\t\t\t<span class=\"elementor-button-text\">KATSO LIS\u00c4\u00c4<\/span>\n\t\t\t\t\t<\/span>\n\t\t\t\t\t<\/a>\n\t\t\t\t<\/div>\n\t\t\t\t\t\t\t\t<\/div>\n\t\t\t\t<\/div>\n\t\t\t\t\t<\/div>\n\t\t<\/div>\n\t\t\t\t<div class=\"elementor-column elementor-col-50 elementor-top-column elementor-element elementor-element-1734ae68\" data-id=\"1734ae68\" data-element_type=\"column\" data-e-type=\"column\">\n\t\t\t<div class=\"elementor-widget-wrap elementor-element-populated\">\n\t\t\t\t\t\t<div class=\"elementor-element elementor-element-4bc5d043 elementor-widget elementor-widget-image\" data-id=\"4bc5d043\" data-element_type=\"widget\" data-e-type=\"widget\" data-widget_type=\"image.default\">\n\t\t\t\t<div class=\"elementor-widget-container\">\n\t\t\t\t\t\t\t\t\t\t\t\t\t\t\t<img decoding=\"async\" width=\"768\" height=\"512\" src=\"https:\/\/recoveryclinic.ee\/wp-content\/uploads\/2022\/04\/DSC01203-768x512.jpg\" class=\"attachment-medium_large size-medium_large wp-image-1930\" alt=\"\" srcset=\"https:\/\/recoveryclinic.ee\/wp-content\/uploads\/2022\/04\/DSC01203-768x512.jpg 768w, https:\/\/recoveryclinic.ee\/wp-content\/uploads\/2022\/04\/DSC01203-300x200.jpg 300w, https:\/\/recoveryclinic.ee\/wp-content\/uploads\/2022\/04\/DSC01203-1024x683.jpg 1024w, https:\/\/recoveryclinic.ee\/wp-content\/uploads\/2022\/04\/DSC01203-1536x1025.jpg 1536w, https:\/\/recoveryclinic.ee\/wp-content\/uploads\/2022\/04\/DSC01203.jpg 2048w\" sizes=\"(max-width: 768px) 100vw, 768px\" \/>\t\t\t\t\t\t\t\t\t\t\t\t\t\t\t<\/div>\n\t\t\t\t<\/div>\n\t\t\t\t<div class=\"elementor-element elementor-element-30b57f67 elementor-widget elementor-widget-text-editor\" data-id=\"30b57f67\" data-element_type=\"widget\" data-e-type=\"widget\" data-widget_type=\"text-editor.default\">\n\t\t\t\t<div class=\"elementor-widget-container\">\n\t\t\t\t\t\t\t\t\t<h3 style=\"text-align: center;\">Paikallinen kylm\u00e4hoito<\/h3>\n<p style=\"text-align: center;\">Nopeuta paikallista palautumista<\/p>\t\t\t\t\t\t\t\t<\/div>\n\t\t\t\t<\/div>\n\t\t\t\t<div class=\"elementor-element elementor-element-14213857 elementor-align-center elementor-widget elementor-widget-button\" data-id=\"14213857\" data-element_type=\"widget\" data-e-type=\"widget\" data-widget_type=\"button.default\">\n\t\t\t\t<div class=\"elementor-widget-container\">\n\t\t\t\t\t\t\t\t\t<div class=\"elementor-button-wrapper\">\n\t\t\t\t\t<a class=\"elementor-button elementor-button-link elementor-size-sm\" href=\"https:\/\/recoveryclinic.ee\/fi\/palvelut\/paikallinen-kryoterapia\/\">\n\t\t\t\t\t\t<span class=\"elementor-button-content-wrapper\">\n\t\t\t\t\t\t\t\t\t<span class=\"elementor-button-text\">KATSO LIS\u00c4\u00c4<\/span>\n\t\t\t\t\t<\/span>\n\t\t\t\t\t<\/a>\n\t\t\t\t<\/div>\n\t\t\t\t\t\t\t\t<\/div>\n\t\t\t\t<\/div>\n\t\t\t\t\t<\/div>\n\t\t<\/div>\n\t\t\t\t\t<\/div>\n\t\t<\/section>\n\t\t\t\t<section class=\"elementor-section elementor-top-section elementor-element elementor-element-2e256cdd elementor-section-boxed elementor-section-height-default elementor-section-height-default\" data-id=\"2e256cdd\" data-element_type=\"section\" data-e-type=\"section\">\n\t\t\t\t\t\t<div class=\"elementor-container elementor-column-gap-default\">\n\t\t\t\t\t<div class=\"elementor-column elementor-col-50 elementor-top-column elementor-element elementor-element-25ab07c\" data-id=\"25ab07c\" data-element_type=\"column\" data-e-type=\"column\">\n\t\t\t<div class=\"elementor-widget-wrap elementor-element-populated\">\n\t\t\t\t\t\t<div class=\"elementor-element elementor-element-25e1f983 elementor-widget elementor-widget-image\" data-id=\"25e1f983\" data-element_type=\"widget\" data-e-type=\"widget\" data-widget_type=\"image.default\">\n\t\t\t\t<div class=\"elementor-widget-container\">\n\t\t\t\t\t\t\t\t\t\t\t\t\t\t\t<img decoding=\"async\" width=\"768\" height=\"512\" src=\"https:\/\/recoveryclinic.ee\/wp-content\/uploads\/2022\/04\/DSC01188-768x512.jpg\" class=\"attachment-medium_large size-medium_large wp-image-1918\" alt=\"\" srcset=\"https:\/\/recoveryclinic.ee\/wp-content\/uploads\/2022\/04\/DSC01188-768x512.jpg 768w, https:\/\/recoveryclinic.ee\/wp-content\/uploads\/2022\/04\/DSC01188-300x200.jpg 300w, https:\/\/recoveryclinic.ee\/wp-content\/uploads\/2022\/04\/DSC01188-1024x683.jpg 1024w, https:\/\/recoveryclinic.ee\/wp-content\/uploads\/2022\/04\/DSC01188-1536x1025.jpg 1536w, https:\/\/recoveryclinic.ee\/wp-content\/uploads\/2022\/04\/DSC01188.jpg 2048w\" sizes=\"(max-width: 768px) 100vw, 768px\" \/>\t\t\t\t\t\t\t\t\t\t\t\t\t\t\t<\/div>\n\t\t\t\t<\/div>\n\t\t\t\t<div class=\"elementor-element elementor-element-6c92cf4d elementor-widget elementor-widget-text-editor\" data-id=\"6c92cf4d\" data-element_type=\"widget\" data-e-type=\"widget\" data-widget_type=\"text-editor.default\">\n\t\t\t\t<div class=\"elementor-widget-container\">\n\t\t\t\t\t\t\t\t\t<h3 style=\"text-align: center;\">Magneettinen lihasstimulaattori<\/h3>\n<p style=\"text-align: center;\">Tehokas uusi palautumismenetelm\u00e4<\/p>\t\t\t\t\t\t\t\t<\/div>\n\t\t\t\t<\/div>\n\t\t\t\t<div class=\"elementor-element elementor-element-43c71a20 elementor-align-center elementor-widget elementor-widget-button\" data-id=\"43c71a20\" data-element_type=\"widget\" data-e-type=\"widget\" data-widget_type=\"button.default\">\n\t\t\t\t<div class=\"elementor-widget-container\">\n\t\t\t\t\t\t\t\t\t<div class=\"elementor-button-wrapper\">\n\t\t\t\t\t<a class=\"elementor-button elementor-button-link elementor-size-sm\" href=\"https:\/\/recoveryclinic.ee\/fi\/palvelut\/yhdistetyt-hoidot\/\">\n\t\t\t\t\t\t<span class=\"elementor-button-content-wrapper\">\n\t\t\t\t\t\t\t\t\t<span class=\"elementor-button-text\">KATSO LIS\u00c4\u00c4<\/span>\n\t\t\t\t\t<\/span>\n\t\t\t\t\t<\/a>\n\t\t\t\t<\/div>\n\t\t\t\t\t\t\t\t<\/div>\n\t\t\t\t<\/div>\n\t\t\t\t\t<\/div>\n\t\t<\/div>\n\t\t\t\t<div class=\"elementor-column elementor-col-50 elementor-top-column elementor-element elementor-element-4f72c78c\" data-id=\"4f72c78c\" data-element_type=\"column\" data-e-type=\"column\">\n\t\t\t<div class=\"elementor-widget-wrap elementor-element-populated\">\n\t\t\t\t\t\t<div class=\"elementor-element elementor-element-617ee083 elementor-widget elementor-widget-image\" data-id=\"617ee083\" data-element_type=\"widget\" data-e-type=\"widget\" data-widget_type=\"image.default\">\n\t\t\t\t<div class=\"elementor-widget-container\">\n\t\t\t\t\t\t\t\t\t\t\t\t\t\t\t<img loading=\"lazy\" decoding=\"async\" width=\"768\" height=\"512\" src=\"https:\/\/recoveryclinic.ee\/wp-content\/uploads\/2022\/04\/DSC01229-768x512.jpg\" class=\"attachment-medium_large size-medium_large wp-image-1906\" alt=\"\" srcset=\"https:\/\/recoveryclinic.ee\/wp-content\/uploads\/2022\/04\/DSC01229-768x512.jpg 768w, https:\/\/recoveryclinic.ee\/wp-content\/uploads\/2022\/04\/DSC01229-300x200.jpg 300w, https:\/\/recoveryclinic.ee\/wp-content\/uploads\/2022\/04\/DSC01229-1024x683.jpg 1024w, https:\/\/recoveryclinic.ee\/wp-content\/uploads\/2022\/04\/DSC01229-1536x1025.jpg 1536w, https:\/\/recoveryclinic.ee\/wp-content\/uploads\/2022\/04\/DSC01229.jpg 2048w\" sizes=\"(max-width: 768px) 100vw, 768px\" \/>\t\t\t\t\t\t\t\t\t\t\t\t\t\t\t<\/div>\n\t\t\t\t<\/div>\n\t\t\t\t<div class=\"elementor-element elementor-element-586a48d8 elementor-widget elementor-widget-text-editor\" data-id=\"586a48d8\" data-element_type=\"widget\" data-e-type=\"widget\" data-widget_type=\"text-editor.default\">\n\t\t\t\t<div class=\"elementor-widget-container\">\n\t\t\t\t\t\t\t\t\t<h3 style=\"text-align: center;\">Yhdistetyt hoidot<\/h3>\n<p style=\"text-align: center;\">Sopisiko sinulle eri hoitomenetelmien yhdistelm\u00e4?<\/p>\t\t\t\t\t\t\t\t<\/div>\n\t\t\t\t<\/div>\n\t\t\t\t<div class=\"elementor-element elementor-element-54ade0d6 elementor-align-center elementor-widget elementor-widget-button\" data-id=\"54ade0d6\" data-element_type=\"widget\" data-e-type=\"widget\" data-widget_type=\"button.default\">\n\t\t\t\t<div class=\"elementor-widget-container\">\n\t\t\t\t\t\t\t\t\t<div class=\"elementor-button-wrapper\">\n\t\t\t\t\t<a class=\"elementor-button elementor-button-link elementor-size-sm\" href=\"https:\/\/recoveryclinic.ee\/fi\/palvelut\/yhdistetyt-hoidot\/%20\">\n\t\t\t\t\t\t<span class=\"elementor-button-content-wrapper\">\n\t\t\t\t\t\t\t\t\t<span class=\"elementor-button-text\">KATSO LIS\u00c4\u00c4<\/span>\n\t\t\t\t\t<\/span>\n\t\t\t\t\t<\/a>\n\t\t\t\t<\/div>\n\t\t\t\t\t\t\t\t<\/div>\n\t\t\t\t<\/div>\n\t\t\t\t\t<\/div>\n\t\t<\/div>\n\t\t\t\t\t<\/div>\n\t\t<\/section>\n\t\t\t\t<section class=\"elementor-section elementor-top-section elementor-element elementor-element-4d3c815f elementor-section-boxed elementor-section-height-default elementor-section-height-default\" data-id=\"4d3c815f\" data-element_type=\"section\" data-e-type=\"section\">\n\t\t\t\t\t\t<div class=\"elementor-container elementor-column-gap-default\">\n\t\t\t\t\t<div class=\"elementor-column elementor-col-50 elementor-top-column elementor-element elementor-element-2033c157\" data-id=\"2033c157\" data-element_type=\"column\" data-e-type=\"column\">\n\t\t\t<div class=\"elementor-widget-wrap elementor-element-populated\">\n\t\t\t\t\t\t<div class=\"elementor-element elementor-element-7d2fed0e elementor-widget elementor-widget-image\" data-id=\"7d2fed0e\" data-element_type=\"widget\" data-e-type=\"widget\" data-widget_type=\"image.default\">\n\t\t\t\t<div class=\"elementor-widget-container\">\n\t\t\t\t\t\t\t\t\t\t\t\t\t\t\t<img loading=\"lazy\" decoding=\"async\" width=\"768\" height=\"512\" src=\"https:\/\/recoveryclinic.ee\/wp-content\/uploads\/2022\/11\/recoveryclinic_gift-2-768x512.png\" class=\"attachment-medium_large size-medium_large wp-image-5908\" alt=\"\" srcset=\"https:\/\/recoveryclinic.ee\/wp-content\/uploads\/2022\/11\/recoveryclinic_gift-2-768x512.png 768w, https:\/\/recoveryclinic.ee\/wp-content\/uploads\/2022\/11\/recoveryclinic_gift-2-300x200.png 300w, https:\/\/recoveryclinic.ee\/wp-content\/uploads\/2022\/11\/recoveryclinic_gift-2-1024x683.png 1024w, https:\/\/recoveryclinic.ee\/wp-content\/uploads\/2022\/11\/recoveryclinic_gift-2.png 1200w\" sizes=\"(max-width: 768px) 100vw, 768px\" \/>\t\t\t\t\t\t\t\t\t\t\t\t\t\t\t<\/div>\n\t\t\t\t<\/div>\n\t\t\t\t<div class=\"elementor-element elementor-element-6fd782b1 elementor-widget elementor-widget-text-editor\" data-id=\"6fd782b1\" data-element_type=\"widget\" data-e-type=\"widget\" data-widget_type=\"text-editor.default\">\n\t\t\t\t<div class=\"elementor-widget-container\">\n\t\t\t\t\t\t\t\t\t<h3 style=\"text-align: center;\">Lahjakortit<\/h3>\n<p style=\"text-align: center;\">Etsitk\u00f6 lahjaa perheenj\u00e4senelle tai yst\u00e4v\u00e4lle?<\/p>\t\t\t\t\t\t\t\t<\/div>\n\t\t\t\t<\/div>\n\t\t\t\t<div class=\"elementor-element elementor-element-71bab378 elementor-align-center elementor-widget elementor-widget-button\" data-id=\"71bab378\" data-element_type=\"widget\" data-e-type=\"widget\" data-widget_type=\"button.default\">\n\t\t\t\t<div class=\"elementor-widget-container\">\n\t\t\t\t\t\t\t\t\t<div class=\"elementor-button-wrapper\">\n\t\t\t\t\t<a class=\"elementor-button elementor-button-link elementor-size-sm\" href=\"https:\/\/recoveryclinic.ee\/fi\/palvelut\/lahjakortit\/\">\n\t\t\t\t\t\t<span class=\"elementor-button-content-wrapper\">\n\t\t\t\t\t\t\t\t\t<span class=\"elementor-button-text\">KATSO LIS\u00c4\u00c4<\/span>\n\t\t\t\t\t<\/span>\n\t\t\t\t\t<\/a>\n\t\t\t\t<\/div>\n\t\t\t\t\t\t\t\t<\/div>\n\t\t\t\t<\/div>\n\t\t\t\t\t<\/div>\n\t\t<\/div>\n\t\t\t\t<div class=\"elementor-column elementor-col-50 elementor-top-column elementor-element elementor-element-62d355a9\" data-id=\"62d355a9\" data-element_type=\"column\" data-e-type=\"column\">\n\t\t\t<div class=\"elementor-widget-wrap elementor-element-populated\">\n\t\t\t\t\t\t<div class=\"elementor-element elementor-element-58da233c elementor-widget elementor-widget-image\" data-id=\"58da233c\" data-element_type=\"widget\" data-e-type=\"widget\" data-widget_type=\"image.default\">\n\t\t\t\t<div class=\"elementor-widget-container\">\n\t\t\t\t\t\t\t\t\t\t\t\t\t\t\t<img loading=\"lazy\" decoding=\"async\" width=\"768\" height=\"512\" src=\"https:\/\/recoveryclinic.ee\/wp-content\/uploads\/2022\/09\/recoveryclinic_teenused_-768x512.png\" class=\"attachment-medium_large size-medium_large wp-image-5272\" alt=\"\" srcset=\"https:\/\/recoveryclinic.ee\/wp-content\/uploads\/2022\/09\/recoveryclinic_teenused_-768x512.png 768w, https:\/\/recoveryclinic.ee\/wp-content\/uploads\/2022\/09\/recoveryclinic_teenused_-300x200.png 300w, https:\/\/recoveryclinic.ee\/wp-content\/uploads\/2022\/09\/recoveryclinic_teenused_-1024x683.png 1024w, https:\/\/recoveryclinic.ee\/wp-content\/uploads\/2022\/09\/recoveryclinic_teenused_.png 1200w\" sizes=\"(max-width: 768px) 100vw, 768px\" \/>\t\t\t\t\t\t\t\t\t\t\t\t\t\t\t<\/div>\n\t\t\t\t<\/div>\n\t\t\t\t<div class=\"elementor-element elementor-element-6e8792c1 elementor-widget elementor-widget-text-editor\" data-id=\"6e8792c1\" data-element_type=\"widget\" data-e-type=\"widget\" data-widget_type=\"text-editor.default\">\n\t\t\t\t<div class=\"elementor-widget-container\">\n\t\t\t\t\t\t\t\t\t<h3 style=\"text-align: center;\">Kuukausipaketit<\/h3>\n<p style=\"text-align: center;\">Harkitsetko parhaan tuloksen saavuttamiseksi hoitokuuria?<\/p>\t\t\t\t\t\t\t\t<\/div>\n\t\t\t\t<\/div>\n\t\t\t\t<div class=\"elementor-element elementor-element-309f1f44 elementor-align-center elementor-widget elementor-widget-button\" data-id=\"309f1f44\" data-element_type=\"widget\" data-e-type=\"widget\" data-widget_type=\"button.default\">\n\t\t\t\t<div class=\"elementor-widget-container\">\n\t\t\t\t\t\t\t\t\t<div class=\"elementor-button-wrapper\">\n\t\t\t\t\t<a class=\"elementor-button elementor-button-link elementor-size-sm\" href=\"https:\/\/recoveryclinic.ee\/fi\/palvelut\/kuukausipaketit\/\">\n\t\t\t\t\t\t<span class=\"elementor-button-content-wrapper\">\n\t\t\t\t\t\t\t\t\t<span class=\"elementor-button-text\">KATSO LIS\u00c4\u00c4<\/span>\n\t\t\t\t\t<\/span>\n\t\t\t\t\t<\/a>\n\t\t\t\t<\/div>\n\t\t\t\t\t\t\t\t<\/div>\n\t\t\t\t<\/div>\n\t\t\t\t\t<\/div>\n\t\t<\/div>\n\t\t\t\t\t<\/div>\n\t\t<\/section>\n\t\t\t\t<section class=\"elementor-section elementor-top-section elementor-element elementor-element-35150ee elementor-section-boxed elementor-section-height-default elementor-section-height-default\" data-id=\"35150ee\" data-element_type=\"section\" data-e-type=\"section\">\n\t\t\t\t\t\t<div class=\"elementor-container elementor-column-gap-default\">\n\t\t\t\t\t<div class=\"elementor-column elementor-col-100 elementor-top-column elementor-element elementor-element-148c3d4\" data-id=\"148c3d4\" data-element_type=\"column\" data-e-type=\"column\">\n\t\t\t<div class=\"elementor-widget-wrap elementor-element-populated\">\n\t\t\t\t\t\t<div class=\"elementor-element elementor-element-767cc0a elementor-widget elementor-widget-text-editor\" data-id=\"767cc0a\" data-element_type=\"widget\" data-e-type=\"widget\" data-widget_type=\"text-editor.default\">\n\t\t\t\t<div class=\"elementor-widget-container\">\n\t\t\t\t\t\t\t\t\t<h2 style=\"text-align: center;\">K\u00e4ynnist\u00e4 itsehoitoprosessi<\/h2><p style=\"text-align: center;\">Ihmiskeholla on vahva itsehoitovoima. Haitalliset olosuhteet voivat kuitenkin est\u00e4\u00e4 tai hidastaa kehon palautumista.<\/p><blockquote><p style=\"text-align: center;\"><strong><a href=\"https:\/\/recoveryclinic.ee\/fi\/palvelut\/kokovartalon-kryoterapia\/\">Kylm\u00e4 vaikuttaa positiivisesti<\/a> kehoon, ihoon ja<br \/>hyvinvointiin.<\/strong><\/p><\/blockquote>\t\t\t\t\t\t\t\t<\/div>\n\t\t\t\t<\/div>\n\t\t\t\t\t<\/div>\n\t\t<\/div>\n\t\t\t\t\t<\/div>\n\t\t<\/section>\n\t\t\t\t<\/div>\n\t\t","protected":false},"excerpt":{"rendered":"<p> &hellip;<\/p>\n<p class=\"read-more\"> <a class=\"\" href=\"https:\/\/recoveryclinic.ee\/fi\/palvelut\/\"> <span class=\"screen-reader-text\">Palvelut<\/span> J\u00e4tka lugemist \u00bb<\/a><\/p>\n","protected":false},"author":1,"featured_media":0,"parent":0,"menu_order":0,"comment_status":"closed","ping_status":"closed","template":"","meta":{"site-sidebar-layout":"no-sidebar","site-content-layout":"page-builder","ast-global-header-display":"","ast-main-header-display":"","ast-hfb-above-header-display":"","ast-hfb-below-header-display":"","ast-hfb-mobile-header-display":"","site-post-title":"disabled","ast-breadcrumbs-content":"","ast-featured-img":"disabled","footer-sml-layout":"","theme-transparent-header-meta":"default","adv-header-id-meta":"","stick-header-meta":"default","header-above-stick-meta":"","header-main-stick-meta":"","header-below-stick-meta":"","footnotes":""},"class_list":["post-2134","page","type-page","status-publish","hentry"],"_links":{"self":[{"href":"https:\/\/recoveryclinic.ee\/fi\/wp-json\/wp\/v2\/pages\/2134","targetHints":{"allow":["GET"]}}],"collection":[{"href":"https:\/\/recoveryclinic.ee\/fi\/wp-json\/wp\/v2\/pages"}],"about":[{"href":"https:\/\/recoveryclinic.ee\/fi\/wp-json\/wp\/v2\/types\/page"}],"author":[{"embeddable":true,"href":"https:\/\/recoveryclinic.ee\/fi\/wp-json\/wp\/v2\/users\/1"}],"replies":[{"embeddable":true,"href":"https:\/\/recoveryclinic.ee\/fi\/wp-json\/wp\/v2\/comments?post=2134"}],"version-history":[{"count":5,"href":"https:\/\/recoveryclinic.ee\/fi\/wp-json\/wp\/v2\/pages\/2134\/revisions"}],"predecessor-version":[{"id":5947,"href":"https:\/\/recoveryclinic.ee\/fi\/wp-json\/wp\/v2\/pages\/2134\/revisions\/5947"}],"wp:attachment":[{"href":"https:\/\/recoveryclinic.ee\/fi\/wp-json\/wp\/v2\/media?parent=2134"}],"curies":[{"name":"wp","href":"https:\/\/api.w.org\/{rel}","templated":true}]}}