{"id":2123,"date":"2021-12-14T14:43:41","date_gmt":"2021-12-14T12:43:41","guid":{"rendered":"https:\/\/recoveryclinic.ee\/emms\/"},"modified":"2022-08-13T00:41:31","modified_gmt":"2022-08-12T21:41:31","slug":"emms","status":"publish","type":"page","link":"https:\/\/recoveryclinic.ee\/fi\/palvelut\/emms\/","title":{"rendered":"Magneettinen lihasstimulaattori (MMS)"},"content":{"rendered":"\t\t<div data-elementor-type=\"wp-page\" data-elementor-id=\"2123\" class=\"elementor elementor-2123 elementor-669\">\n\t\t\t\t\t\t<section class=\"elementor-section elementor-top-section elementor-element elementor-element-6d63d2b elementor-section-boxed elementor-section-height-default elementor-section-height-default\" data-id=\"6d63d2b\" data-element_type=\"section\" data-e-type=\"section\">\n\t\t\t\t\t\t<div class=\"elementor-container elementor-column-gap-default\">\n\t\t\t\t\t<div class=\"elementor-column elementor-col-50 elementor-top-column elementor-element elementor-element-1472341\" data-id=\"1472341\" data-element_type=\"column\" data-e-type=\"column\">\n\t\t\t<div class=\"elementor-widget-wrap elementor-element-populated\">\n\t\t\t\t\t\t<div class=\"elementor-element elementor-element-b59feeb elementor-widget elementor-widget-text-editor\" data-id=\"b59feeb\" data-element_type=\"widget\" data-e-type=\"widget\" data-widget_type=\"text-editor.default\">\n\t\t\t\t<div class=\"elementor-widget-container\">\n\t\t\t\t\t\t\t\t\t<h1>MAGNEETTINEN LIHAS-STIMULAATTORI (MMS)<\/h1><p>Magneettisesta lihasstimulaattorista on tullut t\u00e4rke\u00e4 osa 2000-luvun harjoittelua ja palautumista. Sit\u00e4 k\u00e4ytt\u00e4v\u00e4t ammatti- ja kuntourheilijat, ihan tavalliset ty\u00f6ss\u00e4k\u00e4yv\u00e4t ihmiset jotka kaipaavat kiinte\u00e4\u00e4 lihaksikkaampaa kehoa sek\u00e4 leikkauksesta toipuvat potilaat parantaakseen lihastasapainoa, vahvistaakseen lihaksia ja lievitt\u00e4\u00e4kseen hermokipuja.<\/p><blockquote><p><strong>Menetelm\u00e4 on todella tehokas. <\/strong><\/p><p><strong>Meill\u00e4 on markkinoiden tehokkain laite.<\/strong><\/p><p>Puoli tuntia stimulaattorilhoitoa on sama kuin kymmenen puolen tunnin harjoittelua.<\/p><\/blockquote><p>Varaa aika <a href=\"https:\/\/recoveryclinic.ee\/fi\/varaukset\/\"><strong>magneettisen lihassimulaattorin hoitoon t\u00e4\u00e4lt\u00e4<\/strong><\/a>!<\/p><p>Lihaksien kasvattaminen on pitk\u00e4 prosessi, joka vaatii omistautumista, johdonmukaista ja \u00e4lyk\u00e4st\u00e4 harjoittelua sek\u00e4 riitt\u00e4v\u00e4\u00e4 lepoa.<\/p><p>Toipuminen vammoista ja ylikuormituksesta voi kest\u00e4\u00e4 viikkoja tai jopa kuukausia.<\/p><p>Leikkauksen tai vamman aiheuttamalla lihasmassan menetyksell\u00e4 voi olla merkitt\u00e4v\u00e4 negatiivinen vaikutus yleiseen terveyteen.<\/p><p>Siksi urheilijat ja leikkauksesta tai vammoista toipuvat henkil\u00f6t k\u00e4ytt\u00e4v\u00e4t magneettista lihasstimulaatiota negatiivisten vaikutusten minimoimiseksi ja palautumisen nopeuttamiseksi.<\/p>\t\t\t\t\t\t\t\t<\/div>\n\t\t\t\t<\/div>\n\t\t\t\t\t<\/div>\n\t\t<\/div>\n\t\t\t\t<div class=\"elementor-column elementor-col-50 elementor-top-column elementor-element elementor-element-76c570f\" data-id=\"76c570f\" data-element_type=\"column\" data-e-type=\"column\">\n\t\t\t<div class=\"elementor-widget-wrap elementor-element-populated\">\n\t\t\t\t\t\t<div class=\"elementor-element elementor-element-1164a4d elementor-widget elementor-widget-text-editor\" data-id=\"1164a4d\" data-element_type=\"widget\" data-e-type=\"widget\" data-widget_type=\"text-editor.default\">\n\t\t\t\t<div class=\"elementor-widget-container\">\n\t\t\t\t\t\t\t\t\t<h2>Kenelle on magneettinen lihasstimulaatio (MMS) tarkoitettu?<\/h2><p>Ammatti- ja vapaa-ajan urheilijat luottavat t\u00e4h\u00e4n menetelm\u00e4\u00e4n, mutta stimulaattorin k\u00e4yt\u00f6st\u00e4 voi hy\u00f6ty\u00e4 kuka tahansa.<\/p><p>Meill\u00e4 k\u00e4y tavallisia ihmisi\u00e4 joilla ei ole aikaa raskaaseen ja aikaa viev\u00e4\u00e4n hikiliikuntaan.<\/p><p>Magneettisesta lihasstimulaattorista on suuri apu my\u00f6s esimerkiksi aivohalvauksesta selvinneille, joiden on opeteltava uudelleen motoriset perustoiminnot.<\/p><h2>Miten magneettinen lihasstimulaatio toimii?<\/h2><p>Magneettinen lihasstimulaatio k\u00e4ytt\u00e4\u00e4 ei-invasiivisia magneettikentti\u00e4, jotka saavat lihassolut k\u00e4ytt\u00e4ytym\u00e4\u00e4n niin kuin tapahtuisi harjoitellessa, ja sen ansiosta mukautuvat ja paranevat ne huomattavasti nopeammin.<\/p><p>Lihaksien palautumiseksi tarkoitettu tehokas terapialaite l\u00e4hett\u00e4\u00e4 kohdelihaksille supistumaan kehottavia signaaleja.<\/p><p>Toistuvien supistuksien tuloksena verenkierto paranee ja se auttaa korjaamaan ja kiinteytt\u00e4m\u00e4\u00e4n lihaksia sek\u00e4 polttamaan rasvaa.<\/p><p>Koska lihass\u00e4ikeet aktivoituvat t\u00e4m\u00e4n menetelm\u00e4n tuloksena ep\u00e4s\u00e4\u00e4nn\u00f6llisess\u00e4 j\u00e4rjestyksess\u00e4, niin intensiivisempi harjoittelu sallitaan alusta alkaen, ja se auttaa kasvattamaan lihasta nopeammin.<\/p>\t\t\t\t\t\t\t\t<\/div>\n\t\t\t\t<\/div>\n\t\t\t\t\t<\/div>\n\t\t<\/div>\n\t\t\t\t\t<\/div>\n\t\t<\/section>\n\t\t\t\t<section class=\"elementor-section elementor-top-section elementor-element elementor-element-0b67dd2 elementor-section-boxed elementor-section-height-default elementor-section-height-default\" data-id=\"0b67dd2\" data-element_type=\"section\" data-e-type=\"section\">\n\t\t\t\t\t\t<div class=\"elementor-container elementor-column-gap-default\">\n\t\t\t\t\t<div class=\"elementor-column elementor-col-50 elementor-top-column elementor-element elementor-element-b6002ca\" data-id=\"b6002ca\" data-element_type=\"column\" data-e-type=\"column\">\n\t\t\t<div class=\"elementor-widget-wrap elementor-element-populated\">\n\t\t\t\t\t\t<div class=\"elementor-element elementor-element-03a3530 elementor-widget elementor-widget-text-editor\" data-id=\"03a3530\" data-element_type=\"widget\" data-e-type=\"widget\" data-widget_type=\"text-editor.default\">\n\t\t\t\t<div class=\"elementor-widget-container\">\n\t\t\t\t\t\t\t\t\t<h2>Magneettisen lihasstimulaation (MMS) edut<\/h2><p>MMS-harjoittelua k\u00e4ytt\u00e4v\u00e4t kaiken ik\u00e4iset ja -kuntoiset ihmiset jotka haluavat tehokkaita tuloksia nopeasti rasvanpolton ja lihaskiinteytyksen tiimoilta.<\/p><p>Toisin kuin perinteinen painoilla harjoittelu, magneettinen stimulaatio ei aiheuta lis\u00e4painetta niveliin ja sit\u00e4 voidaan k\u00e4ytt\u00e4\u00e4 my\u00f6s loukkaantumisen j\u00e4lkeen tai nivelkivun tapauksessa.<\/p><p>Poiketen alkeellisemmista ja heikkotehoisemmasta elektrodeilla tapahtuvista hoidoista, magneettinen stimulaatio ei ole ollenkaan kivuliasta.<\/p><p>Varaa aika <a href=\"https:\/\/recoveryclinic.ee\/fi\/varaukset\/\"><strong>magneettisen lihassimulaattorin hoitoon t\u00e4\u00e4lt\u00e4<\/strong><\/a>!<\/p>\t\t\t\t\t\t\t\t<\/div>\n\t\t\t\t<\/div>\n\t\t\t\t\t<\/div>\n\t\t<\/div>\n\t\t\t\t<div class=\"elementor-column elementor-col-50 elementor-top-column elementor-element elementor-element-dc4d2ec\" data-id=\"dc4d2ec\" data-element_type=\"column\" data-e-type=\"column\">\n\t\t\t<div class=\"elementor-widget-wrap elementor-element-populated\">\n\t\t\t\t\t\t<div class=\"elementor-element elementor-element-0bd798e elementor-widget elementor-widget-image\" data-id=\"0bd798e\" data-element_type=\"widget\" data-e-type=\"widget\" data-widget_type=\"image.default\">\n\t\t\t\t<div class=\"elementor-widget-container\">\n\t\t\t\t\t\t\t\t\t\t\t\t\t\t\t<img fetchpriority=\"high\" decoding=\"async\" width=\"600\" height=\"400\" src=\"https:\/\/recoveryclinic.ee\/wp-content\/uploads\/2022\/04\/magneetiline-musklistimulaator-emms.jpg\" class=\"attachment-large size-large wp-image-2038\" alt=\"\" srcset=\"https:\/\/recoveryclinic.ee\/wp-content\/uploads\/2022\/04\/magneetiline-musklistimulaator-emms.jpg 600w, https:\/\/recoveryclinic.ee\/wp-content\/uploads\/2022\/04\/magneetiline-musklistimulaator-emms-300x200.jpg 300w\" sizes=\"(max-width: 600px) 100vw, 600px\" \/>\t\t\t\t\t\t\t\t\t\t\t\t\t\t\t<\/div>\n\t\t\t\t<\/div>\n\t\t\t\t\t<\/div>\n\t\t<\/div>\n\t\t\t\t\t<\/div>\n\t\t<\/section>\n\t\t\t\t<section class=\"elementor-section elementor-top-section elementor-element elementor-element-3f25295 elementor-section-boxed elementor-section-height-default elementor-section-height-default\" data-id=\"3f25295\" data-element_type=\"section\" data-e-type=\"section\">\n\t\t\t\t\t\t<div class=\"elementor-container elementor-column-gap-default\">\n\t\t\t\t\t<div class=\"elementor-column elementor-col-50 elementor-top-column elementor-element elementor-element-1250793\" data-id=\"1250793\" data-element_type=\"column\" data-e-type=\"column\">\n\t\t\t<div class=\"elementor-widget-wrap elementor-element-populated\">\n\t\t\t\t\t\t<div class=\"elementor-element elementor-element-7274cca elementor-widget elementor-widget-text-editor\" data-id=\"7274cca\" data-element_type=\"widget\" data-e-type=\"widget\" data-widget_type=\"text-editor.default\">\n\t\t\t\t<div class=\"elementor-widget-container\">\n\t\t\t\t\t\t\t\t\t<h2>Stimulaattorin vaikutukset<\/h2><p>Menetelm\u00e4 kiinteytt\u00e4\u00e4 nopeasti hoidettavaa lihasaluetta, kasvattaa lihasmassaa ja polttaa rasvaa, lis\u00e4\u00e4 kaloripolttovaikutusta ja nopeuttaa aineenvaihduntaa.<\/p><h3>Rakentaa ja kiinteytt\u00e4\u00e4 lihaksia<\/h3><p>Stimulaattori on kehitetty siten, ett\u00e4 kaikki impulssit tavoittavat kohdelihasryhm\u00e4n.<\/p><p>Se on helppoa ja turvallista eik\u00e4 siit\u00e4 koidu lihakselle vahinkoa.<\/p><h3>Parempi ryhti<\/h3><p>Magneettisen stimulaation k\u00e4ytt\u00f6 voi parantaa ryhti\u00e4, koska sill\u00e4 voi treenata selk\u00e4\u00e4, vatsalihaksia ja hartioita.<\/p><p>Se kehitt\u00e4\u00e4 tehokkaasti my\u00f6s syvi\u00e4 vatsalihaksia (Core)<\/p><h3>Kiinte\u00e4 vartalo ja vahva sile\u00e4 iho ilman selluliittia<\/h3><p>Menetelm\u00e4 kiinteytt\u00e4\u00e4 lihaksia, polttaa rasvaa ja v\u00e4hent\u00e4\u00e4 selluliittia.<\/p><p>Lihas- ja sidekudosten aineenvaihdunta paranee ja sen vaikutuksesta iho tulee kiinte\u00e4mm\u00e4ksi ja hyv\u00e4kuntoiseksi.<\/p><h3>Tasapainossa kehonpuolet<\/h3><p>Magneettista stimulaatiota voidaan k\u00e4ytt\u00e4\u00e4 my\u00f6s silloin, kun toinen kehon puoli on v\u00e4hemm\u00e4n kehittynyt kuin toinen.<\/p><h3>Ajans\u00e4\u00e4st\u00f6<\/h3><p>&#8221;Aika on rahaa&#8221;, varsinkin nykyp\u00e4iv\u00e4n kiireisess\u00e4 maailmassa.<\/p><p>Magneettisella stimulaatiolla saavutat tuloksia tutkitusti jopa kymmenen kertaa nopeammin, eli esimerkiksi 30 minuutin MMS-sessio vastaa karkeasti 6 tuntia kovaa salitreeni\u00e4.<\/p><h2>Magneettisen lihasstimulaation tulokset<\/h2><ul><li>Parantaa verenkiertoa<\/li><li>Lievitt\u00e4\u00e4 hermo- ja lihaskipuja<\/li><li>Lievitt\u00e4\u00e4 nivelkipuja ja turvotusta<\/li><li>Ehk\u00e4isee ja lievitt\u00e4\u00e4 lihasatrofiaa (lihasmassan\/kudosten menetyst\u00e4)<\/li><li>Tehostaa lihasten palautumista ja kasvua sek\u00e4 kiinteytymist\u00e4<\/li><li>Kasvattaa lihasmassaa ja poltaa rasvaa<\/li><li>Lis\u00e4\u00e4 j\u00e4nnittyneiden lihasten tai j\u00e4nteiden liikelaajuutta<\/li><li>Parantaa kudosten palautumista<\/li><li>Edist\u00e4\u00e4 painonpudotusta, koska aktiivisempi lihaskudos vaatii enemm\u00e4n energiaa, ja se polttaa enemm\u00e4n kaloreita jopa lepotilanteessa.<\/li><\/ul>\t\t\t\t\t\t\t\t<\/div>\n\t\t\t\t<\/div>\n\t\t\t\t\t<\/div>\n\t\t<\/div>\n\t\t\t\t<div class=\"elementor-column elementor-col-50 elementor-top-column elementor-element elementor-element-b83e1a6\" data-id=\"b83e1a6\" data-element_type=\"column\" data-e-type=\"column\">\n\t\t\t<div class=\"elementor-widget-wrap elementor-element-populated\">\n\t\t\t\t\t\t<div class=\"elementor-element elementor-element-c5f0396 elementor-widget elementor-widget-text-editor\" data-id=\"c5f0396\" data-element_type=\"widget\" data-e-type=\"widget\" data-widget_type=\"text-editor.default\">\n\t\t\t\t<div class=\"elementor-widget-container\">\n\t\t\t\t\t\t\t\t\t<h2>Mit\u00e4 toimenpide parantaa ja lievitt\u00e4\u00e4?<\/h2><p>Magneettista stimulaatiota k\u00e4ytet\u00e4\u00e4n usein seuraavissa tapauksissa:<\/p><ul><li>selluliitin ja rasvan poisto<\/li><li>ongelma-alueiden kiinteytyminen<\/li><li>selk\u00e4kipu<\/li><li>dysfagia (nielemisvaikeudet)<\/li><li>fibromyalgia eli krooninen lihaskipu<\/li><li>nivelkipu<\/li><li>niveltulehdus<\/li><li>lihasten vahvistaminen (enimm\u00e4kseen urheilijat, esimerkiksi pitk\u00e4n matkan juoksijat),<\/li><li>trauman tai sairauden aiheuttaman lihasvaurion j\u00e4lkeen<\/li><li>hermotulehdus<\/li><li>heikot lihakset<\/li><li>selk\u00e4ydinvamma<\/li><li>aivohalvaus<\/li><li>leikkauksen j\u00e4lkeinen palautuminen<\/li><\/ul>\t\t\t\t\t\t\t\t<\/div>\n\t\t\t\t<\/div>\n\t\t\t\t<div class=\"elementor-element elementor-element-4f12e4a elementor-widget elementor-widget-text-editor\" data-id=\"4f12e4a\" data-element_type=\"widget\" data-e-type=\"widget\" data-widget_type=\"text-editor.default\">\n\t\t\t\t<div class=\"elementor-widget-container\">\n\t\t\t\t\t\t\t\t\t<h2>Yhdist\u00e4 magneettista stimulaatiota muihin toimiin<\/h2><p>Menetelm\u00e4 ei ole ihmel\u00e4\u00e4ke lihasten kasvulle ja palautumiselle.<\/p><p>Pikemminkin se on osa erilaisia \u200b\u200bfysioterapian mahdollisuuksia.<\/p>\t\t\t\t\t\t\t\t<\/div>\n\t\t\t\t<\/div>\n\t\t\t\t<div class=\"elementor-element elementor-element-bdd86cc elementor-widget elementor-widget-text-editor\" data-id=\"bdd86cc\" data-element_type=\"widget\" data-e-type=\"widget\" data-widget_type=\"text-editor.default\">\n\t\t\t\t<div class=\"elementor-widget-container\">\n\t\t\t\t\t\t\t\t\t<h3>Terapian voi yhdist\u00e4\u00e4 seuraaviin toimenpiteisiin:<\/h3><ul><li>lihaksia vahvistavat harjoitukset k\u00e4ytt\u00e4m\u00e4ll\u00e4 painoja, esteratoja, laitteita ja henkil\u00f6n omaa kehopainoa<\/li><li>hieronta<\/li><li>venytys- ja joustavuusharjoitukset<\/li><li>kryoterapia<\/li><\/ul><p>Varaa aika <a href=\"https:\/\/recoveryclinic.ee\/fi\/varaukset\/\"><strong>magneettisen lihassimulaattorin hoitoon t\u00e4\u00e4lt\u00e4<\/strong><\/a>!<\/p>\t\t\t\t\t\t\t\t<\/div>\n\t\t\t\t<\/div>\n\t\t\t\t<div class=\"elementor-element elementor-element-45a4528 elementor-widget elementor-widget-image\" data-id=\"45a4528\" data-element_type=\"widget\" data-e-type=\"widget\" data-widget_type=\"image.default\">\n\t\t\t\t<div class=\"elementor-widget-container\">\n\t\t\t\t\t\t\t\t\t\t\t\t\t\t\t<img decoding=\"async\" width=\"1024\" height=\"683\" src=\"https:\/\/recoveryclinic.ee\/wp-content\/uploads\/2022\/08\/recoveryclinic_mms_-1024x683.png\" class=\"attachment-large size-large wp-image-4526\" alt=\"\" srcset=\"https:\/\/recoveryclinic.ee\/wp-content\/uploads\/2022\/08\/recoveryclinic_mms_-1024x683.png 1024w, https:\/\/recoveryclinic.ee\/wp-content\/uploads\/2022\/08\/recoveryclinic_mms_-300x200.png 300w, https:\/\/recoveryclinic.ee\/wp-content\/uploads\/2022\/08\/recoveryclinic_mms_-768x512.png 768w, https:\/\/recoveryclinic.ee\/wp-content\/uploads\/2022\/08\/recoveryclinic_mms_.png 1200w\" sizes=\"(max-width: 1024px) 100vw, 1024px\" \/>\t\t\t\t\t\t\t\t\t\t\t\t\t\t\t<\/div>\n\t\t\t\t<\/div>\n\t\t\t\t\t<\/div>\n\t\t<\/div>\n\t\t\t\t\t<\/div>\n\t\t<\/section>\n\t\t\t\t<\/div>\n\t\t","protected":false},"excerpt":{"rendered":"<p> &hellip;<\/p>\n<p class=\"read-more\"> <a class=\"\" href=\"https:\/\/recoveryclinic.ee\/fi\/palvelut\/emms\/\"> <span class=\"screen-reader-text\">Magneettinen lihasstimulaattori (MMS)<\/span> J\u00e4tka lugemist \u00bb<\/a><\/p>\n","protected":false},"author":1,"featured_media":5085,"parent":2134,"menu_order":0,"comment_status":"closed","ping_status":"closed","template":"","meta":{"site-sidebar-layout":"no-sidebar","site-content-layout":"page-builder","ast-global-header-display":"","ast-main-header-display":"","ast-hfb-above-header-display":"","ast-hfb-below-header-display":"","ast-hfb-mobile-header-display":"","site-post-title":"disabled","ast-breadcrumbs-content":"","ast-featured-img":"disabled","footer-sml-layout":"","theme-transparent-header-meta":"default","adv-header-id-meta":"","stick-header-meta":"default","header-above-stick-meta":"","header-main-stick-meta":"","header-below-stick-meta":"","footnotes":""},"class_list":["post-2123","page","type-page","status-publish","has-post-thumbnail","hentry"],"_links":{"self":[{"href":"https:\/\/recoveryclinic.ee\/fi\/wp-json\/wp\/v2\/pages\/2123","targetHints":{"allow":["GET"]}}],"collection":[{"href":"https:\/\/recoveryclinic.ee\/fi\/wp-json\/wp\/v2\/pages"}],"about":[{"href":"https:\/\/recoveryclinic.ee\/fi\/wp-json\/wp\/v2\/types\/page"}],"author":[{"embeddable":true,"href":"https:\/\/recoveryclinic.ee\/fi\/wp-json\/wp\/v2\/users\/1"}],"replies":[{"embeddable":true,"href":"https:\/\/recoveryclinic.ee\/fi\/wp-json\/wp\/v2\/comments?post=2123"}],"version-history":[{"count":5,"href":"https:\/\/recoveryclinic.ee\/fi\/wp-json\/wp\/v2\/pages\/2123\/revisions"}],"predecessor-version":[{"id":4533,"href":"https:\/\/recoveryclinic.ee\/fi\/wp-json\/wp\/v2\/pages\/2123\/revisions\/4533"}],"up":[{"embeddable":true,"href":"https:\/\/recoveryclinic.ee\/fi\/wp-json\/wp\/v2\/pages\/2134"}],"wp:featuredmedia":[{"embeddable":true,"href":"https:\/\/recoveryclinic.ee\/fi\/wp-json\/wp\/v2\/media\/5085"}],"wp:attachment":[{"href":"https:\/\/recoveryclinic.ee\/fi\/wp-json\/wp\/v2\/media?parent=2123"}],"curies":[{"name":"wp","href":"https:\/\/api.w.org\/{rel}","templated":true}]}}