{"id":2105,"date":"2021-12-14T14:46:51","date_gmt":"2021-12-14T12:46:51","guid":{"rendered":"https:\/\/recoveryclinic.ee\/kinkekaardid\/"},"modified":"2022-11-26T16:25:32","modified_gmt":"2022-11-26T14:25:32","slug":"lahjakortit","status":"publish","type":"page","link":"https:\/\/recoveryclinic.ee\/fi\/palvelut\/lahjakortit\/","title":{"rendered":"Lahjakortit"},"content":{"rendered":"\t\t<div data-elementor-type=\"wp-page\" data-elementor-id=\"2105\" class=\"elementor elementor-2105 elementor-679\">\n\t\t\t\t\t\t<section class=\"elementor-section elementor-top-section elementor-element elementor-element-1ff2c4d elementor-section-boxed elementor-section-height-default elementor-section-height-default\" data-id=\"1ff2c4d\" data-element_type=\"section\" data-e-type=\"section\">\n\t\t\t\t\t\t<div class=\"elementor-container elementor-column-gap-default\">\n\t\t\t\t\t<div class=\"elementor-column elementor-col-50 elementor-top-column elementor-element elementor-element-deda64b\" data-id=\"deda64b\" data-element_type=\"column\" data-e-type=\"column\">\n\t\t\t<div class=\"elementor-widget-wrap elementor-element-populated\">\n\t\t\t\t\t\t<div class=\"elementor-element elementor-element-94e737c elementor-widget elementor-widget-text-editor\" data-id=\"94e737c\" data-element_type=\"widget\" data-e-type=\"widget\" data-widget_type=\"text-editor.default\">\n\t\t\t\t<div class=\"elementor-widget-container\">\n\t\t\t\t\t\t\t\t\t<h2>Lahjakortit<\/h2>\n<p>Haluatko yll\u00e4tt\u00e4\u00e4 jonkun lahjakortilla?<\/p>\n<p><a href=\"https:\/\/recoveryclinic.ee\/fi\/kontakti\/\"><strong>Ota meihin yhteytt\u00e4<\/strong><\/a> tilataksesi lahjakortteja<\/p><p><br><\/p><p><br><\/p><p><br><\/p>\n<p>Lahjakortti on tarkoitettu klinikan palvelujen kulutukseen m\u00e4\u00e4ritellyss\u00e4 summassa, eik\u00e4 sen arvoa korvata mill\u00e4\u00e4n muulla kuin tarjotuilla palveluilla.<\/p>\t\t\t\t\t\t\t\t<\/div>\n\t\t\t\t<\/div>\n\t\t\t\t\t<\/div>\n\t\t<\/div>\n\t\t\t\t<div class=\"elementor-column elementor-col-50 elementor-top-column elementor-element elementor-element-3620713\" data-id=\"3620713\" data-element_type=\"column\" data-e-type=\"column\">\n\t\t\t<div class=\"elementor-widget-wrap elementor-element-populated\">\n\t\t\t\t\t\t<div class=\"elementor-element elementor-element-9b6ccf4 elementor-widget elementor-widget-image\" data-id=\"9b6ccf4\" data-element_type=\"widget\" data-e-type=\"widget\" data-widget_type=\"image.default\">\n\t\t\t\t<div class=\"elementor-widget-container\">\n\t\t\t\t\t\t\t\t\t\t\t\t\t\t\t<img fetchpriority=\"high\" decoding=\"async\" width=\"1024\" height=\"683\" src=\"https:\/\/recoveryclinic.ee\/wp-content\/uploads\/2022\/11\/recoveryclinic_gift-2-1024x683.png\" class=\"attachment-large size-large wp-image-5908\" alt=\"\" srcset=\"https:\/\/recoveryclinic.ee\/wp-content\/uploads\/2022\/11\/recoveryclinic_gift-2-1024x683.png 1024w, https:\/\/recoveryclinic.ee\/wp-content\/uploads\/2022\/11\/recoveryclinic_gift-2-300x200.png 300w, https:\/\/recoveryclinic.ee\/wp-content\/uploads\/2022\/11\/recoveryclinic_gift-2-768x512.png 768w, https:\/\/recoveryclinic.ee\/wp-content\/uploads\/2022\/11\/recoveryclinic_gift-2.png 1200w\" sizes=\"(max-width: 1024px) 100vw, 1024px\" \/>\t\t\t\t\t\t\t\t\t\t\t\t\t\t\t<\/div>\n\t\t\t\t<\/div>\n\t\t\t\t\t<\/div>\n\t\t<\/div>\n\t\t\t\t\t<\/div>\n\t\t<\/section>\n\t\t\t\t<\/div>\n\t\t","protected":false},"excerpt":{"rendered":"<p> &hellip;<\/p>\n<p class=\"read-more\"> <a class=\"\" href=\"https:\/\/recoveryclinic.ee\/fi\/palvelut\/lahjakortit\/\"> <span class=\"screen-reader-text\">Lahjakortit<\/span> J\u00e4tka lugemist \u00bb<\/a><\/p>\n","protected":false},"author":1,"featured_media":5908,"parent":2134,"menu_order":0,"comment_status":"closed","ping_status":"closed","template":"","meta":{"site-sidebar-layout":"no-sidebar","site-content-layout":"page-builder","ast-global-header-display":"","ast-main-header-display":"","ast-hfb-above-header-display":"","ast-hfb-below-header-display":"","ast-hfb-mobile-header-display":"","site-post-title":"disabled","ast-breadcrumbs-content":"","ast-featured-img":"disabled","footer-sml-layout":"","theme-transparent-header-meta":"default","adv-header-id-meta":"","stick-header-meta":"default","header-above-stick-meta":"","header-main-stick-meta":"","header-below-stick-meta":"","footnotes":""},"class_list":["post-2105","page","type-page","status-publish","has-post-thumbnail","hentry"],"_links":{"self":[{"href":"https:\/\/recoveryclinic.ee\/fi\/wp-json\/wp\/v2\/pages\/2105","targetHints":{"allow":["GET"]}}],"collection":[{"href":"https:\/\/recoveryclinic.ee\/fi\/wp-json\/wp\/v2\/pages"}],"about":[{"href":"https:\/\/recoveryclinic.ee\/fi\/wp-json\/wp\/v2\/types\/page"}],"author":[{"embeddable":true,"href":"https:\/\/recoveryclinic.ee\/fi\/wp-json\/wp\/v2\/users\/1"}],"replies":[{"embeddable":true,"href":"https:\/\/recoveryclinic.ee\/fi\/wp-json\/wp\/v2\/comments?post=2105"}],"version-history":[{"count":5,"href":"https:\/\/recoveryclinic.ee\/fi\/wp-json\/wp\/v2\/pages\/2105\/revisions"}],"predecessor-version":[{"id":5934,"href":"https:\/\/recoveryclinic.ee\/fi\/wp-json\/wp\/v2\/pages\/2105\/revisions\/5934"}],"up":[{"embeddable":true,"href":"https:\/\/recoveryclinic.ee\/fi\/wp-json\/wp\/v2\/pages\/2134"}],"wp:featuredmedia":[{"embeddable":true,"href":"https:\/\/recoveryclinic.ee\/fi\/wp-json\/wp\/v2\/media\/5908"}],"wp:attachment":[{"href":"https:\/\/recoveryclinic.ee\/fi\/wp-json\/wp\/v2\/media?parent=2105"}],"curies":[{"name":"wp","href":"https:\/\/api.w.org\/{rel}","templated":true}]}}