{"id":2088,"date":"2021-12-14T14:48:37","date_gmt":"2021-12-14T12:48:37","guid":{"rendered":"https:\/\/recoveryclinic.ee\/meist\/"},"modified":"2022-08-08T20:58:39","modified_gmt":"2022-08-08T17:58:39","slug":"meista","status":"publish","type":"page","link":"https:\/\/recoveryclinic.ee\/fi\/meista\/","title":{"rendered":"Meist\u00e4"},"content":{"rendered":"\t\t<div data-elementor-type=\"wp-page\" data-elementor-id=\"2088\" class=\"elementor elementor-2088 elementor-687\">\n\t\t\t\t\t\t<section class=\"elementor-section elementor-top-section elementor-element elementor-element-8d6513f elementor-section-boxed elementor-section-height-default elementor-section-height-default\" data-id=\"8d6513f\" data-element_type=\"section\" data-e-type=\"section\">\n\t\t\t\t\t\t<div class=\"elementor-container elementor-column-gap-default\">\n\t\t\t\t\t<div class=\"elementor-column elementor-col-50 elementor-top-column elementor-element elementor-element-c8ab8e1\" data-id=\"c8ab8e1\" data-element_type=\"column\" data-e-type=\"column\">\n\t\t\t<div class=\"elementor-widget-wrap elementor-element-populated\">\n\t\t\t\t\t\t<div class=\"elementor-element elementor-element-44c7fca elementor-widget elementor-widget-text-editor\" data-id=\"44c7fca\" data-element_type=\"widget\" data-e-type=\"widget\" data-widget_type=\"text-editor.default\">\n\t\t\t\t<div class=\"elementor-widget-container\">\n\t\t\t\t\t\t\t\t\t<h2>Meist\u00e4<\/h2><p>Olemme innostuneita terveyden edist\u00e4ji\u00e4, jotka etsiv\u00e4t aina uusimpia ja tehokkaimpia tapoja fyysiseen ja henkiseen palautumiseen, urheiluvammojen tai kroonisten kipujen hoitoon sek\u00e4 yleisen hyvinvoinnin varmistamiseen.<\/p><p>Klinikkamme toimii <a href=\"https:\/\/recoveryclinic.ee\/fi\/sijainti\/\" target=\"_blank\" rel=\"noopener\">Tallinnan keskustassa<\/a> Ravi tn 5 -kadulla joten meid\u00e4t on helppo tavoittaa mist\u00e4 tahansa kaupunginosasta k\u00e4sin.<\/p><p>Voit olla varma, ett\u00e4 valitsemalla palvelumme saat ammattimaisimmat ja nykyaikaisimmat ratkaisut fyysiseen ja henkiseen hyvinvointiin, jotka toteutamme korkeimman laadun moderneimmilla skandinaavisilla laitteilla.<\/p><p>Liiketoimintamme missiona on tarjota asiakkaillemme parhaat mahdolliset vaihtoehdot palautumiseen, vammojen hoitoon, henkiseen ja fyysiseen ylikuormituksen hoitoon sek\u00e4 yleisen el\u00e4m\u00e4nlaadun parantamiseen.<\/p><p>N\u00e4hd\u00e4\u00e4n Recovery Cliniciss\u00e4!<\/p>\t\t\t\t\t\t\t\t<\/div>\n\t\t\t\t<\/div>\n\t\t\t\t\t<\/div>\n\t\t<\/div>\n\t\t\t\t<div class=\"elementor-column elementor-col-50 elementor-top-column elementor-element elementor-element-37d856c\" data-id=\"37d856c\" data-element_type=\"column\" data-e-type=\"column\">\n\t\t\t<div class=\"elementor-widget-wrap elementor-element-populated\">\n\t\t\t\t\t\t<div class=\"elementor-element elementor-element-8060f3b elementor-widget elementor-widget-image\" data-id=\"8060f3b\" data-element_type=\"widget\" data-e-type=\"widget\" data-widget_type=\"image.default\">\n\t\t\t\t<div class=\"elementor-widget-container\">\n\t\t\t\t\t\t\t\t\t\t\t\t\t\t\t<img fetchpriority=\"high\" decoding=\"async\" width=\"1024\" height=\"853\" src=\"https:\/\/recoveryclinic.ee\/wp-content\/uploads\/2022\/07\/recoveryclinic_meist_-2-1024x853.jpg\" class=\"attachment-large size-large wp-image-4215\" alt=\"\" srcset=\"https:\/\/recoveryclinic.ee\/wp-content\/uploads\/2022\/07\/recoveryclinic_meist_-2-1024x853.jpg 1024w, https:\/\/recoveryclinic.ee\/wp-content\/uploads\/2022\/07\/recoveryclinic_meist_-2-300x250.jpg 300w, https:\/\/recoveryclinic.ee\/wp-content\/uploads\/2022\/07\/recoveryclinic_meist_-2-768x640.jpg 768w, https:\/\/recoveryclinic.ee\/wp-content\/uploads\/2022\/07\/recoveryclinic_meist_-2.jpg 1200w\" sizes=\"(max-width: 1024px) 100vw, 1024px\" \/>\t\t\t\t\t\t\t\t\t\t\t\t\t\t\t<\/div>\n\t\t\t\t<\/div>\n\t\t\t\t\t<\/div>\n\t\t<\/div>\n\t\t\t\t\t<\/div>\n\t\t<\/section>\n\t\t\t\t<\/div>\n\t\t","protected":false},"excerpt":{"rendered":"<p> &hellip;<\/p>\n<p class=\"read-more\"> <a class=\"\" href=\"https:\/\/recoveryclinic.ee\/fi\/meista\/\"> <span class=\"screen-reader-text\">Meist\u00e4<\/span> J\u00e4tka lugemist \u00bb<\/a><\/p>\n","protected":false},"author":1,"featured_media":5112,"parent":0,"menu_order":0,"comment_status":"closed","ping_status":"closed","template":"","meta":{"site-sidebar-layout":"no-sidebar","site-content-layout":"page-builder","ast-global-header-display":"","ast-main-header-display":"","ast-hfb-above-header-display":"","ast-hfb-below-header-display":"","ast-hfb-mobile-header-display":"","site-post-title":"disabled","ast-breadcrumbs-content":"","ast-featured-img":"disabled","footer-sml-layout":"","theme-transparent-header-meta":"default","adv-header-id-meta":"","stick-header-meta":"default","header-above-stick-meta":"","header-main-stick-meta":"","header-below-stick-meta":"","footnotes":""},"class_list":["post-2088","page","type-page","status-publish","has-post-thumbnail","hentry"],"_links":{"self":[{"href":"https:\/\/recoveryclinic.ee\/fi\/wp-json\/wp\/v2\/pages\/2088","targetHints":{"allow":["GET"]}}],"collection":[{"href":"https:\/\/recoveryclinic.ee\/fi\/wp-json\/wp\/v2\/pages"}],"about":[{"href":"https:\/\/recoveryclinic.ee\/fi\/wp-json\/wp\/v2\/types\/page"}],"author":[{"embeddable":true,"href":"https:\/\/recoveryclinic.ee\/fi\/wp-json\/wp\/v2\/users\/1"}],"replies":[{"embeddable":true,"href":"https:\/\/recoveryclinic.ee\/fi\/wp-json\/wp\/v2\/comments?post=2088"}],"version-history":[{"count":5,"href":"https:\/\/recoveryclinic.ee\/fi\/wp-json\/wp\/v2\/pages\/2088\/revisions"}],"predecessor-version":[{"id":4491,"href":"https:\/\/recoveryclinic.ee\/fi\/wp-json\/wp\/v2\/pages\/2088\/revisions\/4491"}],"wp:featuredmedia":[{"embeddable":true,"href":"https:\/\/recoveryclinic.ee\/fi\/wp-json\/wp\/v2\/media\/5112"}],"wp:attachment":[{"href":"https:\/\/recoveryclinic.ee\/fi\/wp-json\/wp\/v2\/media?parent=2088"}],"curies":[{"name":"wp","href":"https:\/\/api.w.org\/{rel}","templated":true}]}}