{"id":2071,"date":"2022-04-04T12:36:31","date_gmt":"2022-04-04T09:36:31","guid":{"rendered":"https:\/\/recoveryclinic.ee\/teenuste-osutamise-tingimused\/"},"modified":"2022-07-11T15:32:38","modified_gmt":"2022-07-11T12:32:38","slug":"palvelun-tarjoamisen-ehdot","status":"publish","type":"page","link":"https:\/\/recoveryclinic.ee\/fi\/palvelun-tarjoamisen-ehdot\/","title":{"rendered":"Palvelun tarjoamisen ehdot"},"content":{"rendered":"<p>1. REKISTER\u00d6ITYMINEN<br \/>\n1.1. Asiakas voi rekister\u00f6ity\u00e4 Recovery Clinic O\u00dc:n (j\u00e4ljemp\u00e4n\u00e4 palveluntarjoaja) konsultaatioon, fysioterapeutin ajanvaraukseen, hoitoihin ja muihin palveluihin (j\u00e4ljemp\u00e4n\u00e4 palvelu) Tallinnassa osoitteessa Ravi 5, etuk\u00e4teen soittamalla numeroon +372 552 5338, kotisivun www.recoveryclinic.ee kautta tai s\u00e4hk\u00f6postilla info@recoveryclinic.ee;<br \/>\n1.2. Kun asiakas on rekister\u00f6itynyt palveluun, katsotaan palvelusopimus palveluntarjoajan ja asiakkaan v\u00e4lill\u00e4 solmituksi. Asiakkaalla on palvelusopimuksen perusteella oikeus saada palvelu ilmoitettuna ajankohtana, jos palvelun tarjoaminen on mahdollista ja jos palvelun tarjoamisen est\u00e4vi\u00e4\/poissulkevia seikkoja ei ole;<br \/>\n1.3. Palvelusopimus koostuu n\u00e4ist\u00e4 yleisist\u00e4 ehdoista, asiakkaan kanssa suullisesti tai kirjallisesti tehdyst\u00e4 sopimuksesta sek\u00e4 palveluntarjoajalle voimassa olevista ja asiakkaalle tiedoksi annetuista menettelyist\u00e4, s\u00e4\u00e4nn\u00f6ist\u00e4 ja vaatimuksista (valitusten k\u00e4sittelymenettely, maksullisten palvelujen tarjoamisen menettelytavat jne.);<br \/>\n1.4. Rekister\u00f6itym\u00e4ll\u00e4 palveluun asiakas sitoutuu noudattamaan palvelun ehtoja.<\/p>\n<p>2. PALVELUN TARJOAMISEN EHDOT<br \/>\n2.1. Asiakkaan tulee maksaa h\u00e4nelle tarjotusta palvelusta palveluntarjoajan vahvistaman hinnaston mukaisesti.<br \/>\n2.2. Palvelun tarjoamiseen ei tarvita l\u00e4hetett\u00e4.<br \/>\n2.3. Asiakas on vastuussa terveydentilansa sopivuudesta palvelun suorittamiseksi.<br \/>\n2.4. Palveluntarjoajalla on oikeus vaatia asiakkaalta kohtuullinen ennakkomaksu maksullisesta palvelusta.<br \/>\n2.5. Palveluntarjoajalla on oikeus muuttaa hinnastoa. Hinnastoa muutettaessa on asiakkaalle voimassa hinta, joka oli palveluun rekister\u00f6itymisen hetkell\u00e4.<\/p>\n<p>3. VARAUSTEN MUUTOS- JA PERUUTUSEHDOT<br \/>\n3.1. Mik\u00e4li asiakas ei saavu fysioterapiaan tai MLS-hoitoon eik\u00e4 peru k\u00e4ynti\u00e4 v\u00e4hint\u00e4\u00e4n 24 tuntia (muissa palveluissa 12 tuntia) ennen sovittua aikaa, on asiakkaan maksettava 100% palvelun hinnasta. Jos asiakas my\u00f6h\u00e4styy palvelusta enint\u00e4\u00e4n 20 minuuttia, palvelun kesto lyhenee t\u00e4ll\u00e4 ajalla ja tulee maksaa koko hinta. Asiakkaan my\u00f6h\u00e4styess\u00e4 yli 20 minuutin palveluntarjoajalla on oikeus peruuttaa palvelu ja asiakkaan on maksettava t\u00e4ysi hinta. Mik\u00e4li asiakas viiv\u00e4styy maksun suorittamisessa, palveluntarjoajalla on oikeus peri\u00e4 viiv\u00e4styskorkoa 0,05% vuorokaudessa maksamattomasta summasta jokaiselta viiv\u00e4stysp\u00e4iv\u00e4lt\u00e4, kunnes summa on maksettu kokonaisuudessaan. Palveluntarjoajalla on oikeus siirt\u00e4\u00e4 asiakkaaseen kohdistuvat saatavat perint\u00e4palveluja tarjoavalle yritykselle.<br \/>\n3.2. Mik\u00e4li asiakas on maksanut palvelun (esim. 10x kortti), mutta peruuttaa palvelun, palveluntarjoaja ei ole velvollinen palauttamaan asiakkaalle maksettuja summia.<br \/>\n3.3. Palveluntarjoajalla on oikeus kielt\u00e4yty\u00e4 palvelun tarjoamisesta asiakkaalle, mukaan lukien rekister\u00f6ityminen palvelun tarjoamiseen, jos asiakas ei ole maksanut m\u00e4\u00e4r\u00e4ttyj\u00e4 summia, mm. jos asiakas on velkaa palveluntarjoajalle tai palvelun tarjoamisesta, tai palvelu on yleisten sopimusehtojen vastainen tai on muita laissa s\u00e4\u00e4dettyj\u00e4 palvelua est\u00e4vi\u00e4 olosuhteita.<\/p>\n<p>4. MAKSUEHDOT<br \/>\n4.1. Korttimaksut, pankkilinkki, k\u00e4teinen, lahjakortit ja Stebby-voucherit.<br \/>\nRecovery Clinic O\u00dc<\/p>\n","protected":false},"excerpt":{"rendered":"<p> &hellip;<\/p>\n<p class=\"read-more\"> <a class=\"\" href=\"https:\/\/recoveryclinic.ee\/fi\/palvelun-tarjoamisen-ehdot\/\"> <span class=\"screen-reader-text\">Palvelun tarjoamisen ehdot<\/span> J\u00e4tka lugemist \u00bb<\/a><\/p>\n","protected":false},"author":1,"featured_media":0,"parent":0,"menu_order":0,"comment_status":"closed","ping_status":"closed","template":"","meta":{"site-sidebar-layout":"default","site-content-layout":"default","ast-global-header-display":"","ast-main-header-display":"","ast-hfb-above-header-display":"","ast-hfb-below-header-display":"","ast-hfb-mobile-header-display":"","site-post-title":"","ast-breadcrumbs-content":"","ast-featured-img":"","footer-sml-layout":"","theme-transparent-header-meta":"default","adv-header-id-meta":"","stick-header-meta":"default","header-above-stick-meta":"","header-main-stick-meta":"","header-below-stick-meta":"","footnotes":""},"class_list":["post-2071","page","type-page","status-publish","hentry"],"_links":{"self":[{"href":"https:\/\/recoveryclinic.ee\/fi\/wp-json\/wp\/v2\/pages\/2071","targetHints":{"allow":["GET"]}}],"collection":[{"href":"https:\/\/recoveryclinic.ee\/fi\/wp-json\/wp\/v2\/pages"}],"about":[{"href":"https:\/\/recoveryclinic.ee\/fi\/wp-json\/wp\/v2\/types\/page"}],"author":[{"embeddable":true,"href":"https:\/\/recoveryclinic.ee\/fi\/wp-json\/wp\/v2\/users\/1"}],"replies":[{"embeddable":true,"href":"https:\/\/recoveryclinic.ee\/fi\/wp-json\/wp\/v2\/comments?post=2071"}],"version-history":[{"count":3,"href":"https:\/\/recoveryclinic.ee\/fi\/wp-json\/wp\/v2\/pages\/2071\/revisions"}],"predecessor-version":[{"id":3213,"href":"https:\/\/recoveryclinic.ee\/fi\/wp-json\/wp\/v2\/pages\/2071\/revisions\/3213"}],"wp:attachment":[{"href":"https:\/\/recoveryclinic.ee\/fi\/wp-json\/wp\/v2\/media?parent=2071"}],"curies":[{"name":"wp","href":"https:\/\/api.w.org\/{rel}","templated":true}]}}